{"id":18109,"date":"2025-01-10T13:49:46","date_gmt":"2025-01-10T12:49:46","guid":{"rendered":"https:\/\/nolen.pl\/rotomoulding-forms\/"},"modified":"2025-12-02T11:52:51","modified_gmt":"2025-12-02T10:52:51","slug":"rotomoulding-forms","status":"publish","type":"page","link":"https:\/\/nolen.pl\/en\/rotomoulding-forms\/","title":{"rendered":"Rotomoulding Forms"},"content":{"rendered":"\t\t<div data-elementor-type=\"wp-page\" data-elementor-id=\"18109\" class=\"elementor elementor-18109 elementor-14970\" data-elementor-post-type=\"page\">\n\t\t\t\t        <section class=\"elementor-section elementor-top-section elementor-element elementor-element-cc13f3d elementor-section-boxed elementor-section-height-default elementor-section-height-default pxl-row-scroll-none pxl-column-overflow-gradient-top-no pxl-column-overflow-gradient-bottom-no pxl-section-bg-none rael-particle-no\" data-id=\"cc13f3d\" data-element_type=\"section\" data-e-type=\"section\" data-settings=\"{&quot;rae_animations_entrance&quot;:&quot;none&quot;}\">\n\n                \n                <div class=\"elementor-container elementor-column-gap-default \">\n                <div class=\"elementor-column elementor-col-100 elementor-top-column elementor-element elementor-element-cc2db27 pxl-section-offset-none pxl-column-none rael-particle-no\" data-id=\"cc2db27\" data-element_type=\"column\" data-e-type=\"column\">\r\n        <div class=\"elementor-widget-wrap elementor-element-populated\">\r\n                     \r\n        \t\t<div class=\"elementor-element elementor-element-4a77047 elementor-widget elementor-widget-text-editor\" data-id=\"4a77047\" data-element_type=\"widget\" data-e-type=\"widget\" data-widget_type=\"text-editor.default\">\n\t\t\t\t<div class=\"elementor-widget-container\">\n\t\t\t\t\t\t\t\t\t<p>Rotational molding forms are designed for manufacturing plastic products using rotational molding technology &#8211; known as rotomoulding.<\/p><p>Thanks to their appropriate design, the molds can be multi-element depending on the complexity of the final product. Additionally, the molds can be made as modular forms, allowing for multiple product variants while saving costs on producing many similar molds. <\/p><p>We produce steel molds primarily intended for products with less complex shapes and typically large dimensions such as tanks or sewage manholes. We also manufacture aluminum molds designed for products with very complex shapes. All molds are built based on a previously created and customer-approved 3D mold design.  <\/p><p>We also modernize steel and aluminum molds and perform repairs (e.g., parting line replacements, dent removal, etc.).<\/p>\t\t\t\t\t\t\t\t<\/div>\n\t\t\t\t<\/div>\n\t\t\t\t<div class=\"elementor-element elementor-element-e8bb9bf elementor-widget elementor-widget-image\" data-id=\"e8bb9bf\" data-element_type=\"widget\" data-e-type=\"widget\" data-widget_type=\"image.default\">\n\t\t\t\t<div class=\"elementor-widget-container\">\n\t\t\t\t\t\t\t\t\t\t\t\t\t\t\t<img fetchpriority=\"high\" decoding=\"async\" width=\"1500\" height=\"1126\" src=\"https:\/\/nolen.pl\/wp-content\/uploads\/2025\/01\/nolen_forma_zbiornik_P4_rotomoulding.webp\" class=\"attachment-full size-full wp-image-17617\" alt=\"nolen_forma_zbiornik_P4_rotomoulding\" srcset=\"https:\/\/nolen.pl\/wp-content\/uploads\/2025\/01\/nolen_forma_zbiornik_P4_rotomoulding.webp 1500w, https:\/\/nolen.pl\/wp-content\/uploads\/2025\/01\/nolen_forma_zbiornik_P4_rotomoulding-300x225.webp 300w, https:\/\/nolen.pl\/wp-content\/uploads\/2025\/01\/nolen_forma_zbiornik_P4_rotomoulding-1024x769.webp 1024w, https:\/\/nolen.pl\/wp-content\/uploads\/2025\/01\/nolen_forma_zbiornik_P4_rotomoulding-768x577.webp 768w, https:\/\/nolen.pl\/wp-content\/uploads\/2025\/01\/nolen_forma_zbiornik_P4_rotomoulding-946x710.webp 946w\" sizes=\"(max-width: 1500px) 100vw, 1500px\" \/>\t\t\t\t\t\t\t\t\t\t\t\t\t\t\t<\/div>\n\t\t\t\t<\/div>\n\t\t\t\t<div class=\"elementor-element elementor-element-ed165dd elementor-tabs-view-horizontal elementor-widget elementor-widget-tabs\" data-id=\"ed165dd\" data-element_type=\"widget\" data-e-type=\"widget\" data-widget_type=\"tabs.default\">\n\t\t\t\t<div class=\"elementor-widget-container\">\n\t\t\t\t\t\t\t<div class=\"elementor-tabs\">\n\t\t\t<div class=\"elementor-tabs-wrapper\" role=\"tablist\" >\n\t\t\t\t\t\t\t\t\t<div id=\"elementor-tab-title-2481\" class=\"elementor-tab-title elementor-tab-desktop-title\" aria-selected=\"true\" data-tab=\"1\" role=\"tab\" tabindex=\"0\" aria-controls=\"elementor-tab-content-2481\" aria-expanded=\"false\">TECHNICAL DESCRIPTION<\/div>\n\t\t\t\t\t\t\t\t\t<div id=\"elementor-tab-title-2482\" class=\"elementor-tab-title elementor-tab-desktop-title\" aria-selected=\"false\" data-tab=\"2\" role=\"tab\" tabindex=\"-1\" aria-controls=\"elementor-tab-content-2482\" aria-expanded=\"false\">ADVANTAGES<\/div>\n\t\t\t\t\t\t\t\t\t<div id=\"elementor-tab-title-2483\" class=\"elementor-tab-title elementor-tab-desktop-title\" aria-selected=\"false\" data-tab=\"3\" role=\"tab\" tabindex=\"-1\" aria-controls=\"elementor-tab-content-2483\" aria-expanded=\"false\">ECOLOGY<\/div>\n\t\t\t\t\t\t\t\t\t<div id=\"elementor-tab-title-2484\" class=\"elementor-tab-title elementor-tab-desktop-title\" aria-selected=\"false\" data-tab=\"4\" role=\"tab\" tabindex=\"-1\" aria-controls=\"elementor-tab-content-2484\" aria-expanded=\"false\">APPLICATIONS<\/div>\n\t\t\t\t\t\t\t<\/div>\n\t\t\t<div class=\"elementor-tabs-content-wrapper\" role=\"tablist\" aria-orientation=\"vertical\">\n\t\t\t\t\t\t\t\t\t<div class=\"elementor-tab-title elementor-tab-mobile-title\" aria-selected=\"true\" data-tab=\"1\" role=\"tab\" tabindex=\"0\" aria-controls=\"elementor-tab-content-2481\" aria-expanded=\"false\">TECHNICAL DESCRIPTION<\/div>\n\t\t\t\t\t<div id=\"elementor-tab-content-2481\" class=\"elementor-tab-content elementor-clearfix\" data-tab=\"1\" role=\"tabpanel\" aria-labelledby=\"elementor-tab-title-2481\" tabindex=\"0\" hidden=\"false\"><p><span style=\"color: #ffffff;\">Types of molds produced:<\/span><\/p>\n<ul>\n<li>steel molds<\/li>\n<li>aluminum molds \/ CNC aluminum molds<\/li>\n<\/ul>\n<p><span style=\"color: #ffffff;\">Selected mold components:<\/span><\/p>\n<ul>\n<li>mounting frame,<\/li>\n<li>vents,<\/li>\n<li>inserts,<\/li>\n<li>locks,<\/li>\n<li>optional logos \/ inscriptions on molds, which can be interchangeable elements.<br \/>Others&#8230;<\/li>\n<\/ul>\n<\/div>\n\t\t\t\t\t\t\t\t\t<div class=\"elementor-tab-title elementor-tab-mobile-title\" aria-selected=\"false\" data-tab=\"2\" role=\"tab\" tabindex=\"-1\" aria-controls=\"elementor-tab-content-2482\" aria-expanded=\"false\">ADVANTAGES<\/div>\n\t\t\t\t\t<div id=\"elementor-tab-content-2482\" class=\"elementor-tab-content elementor-clearfix\" data-tab=\"2\" role=\"tabpanel\" aria-labelledby=\"elementor-tab-title-2482\" tabindex=\"0\" hidden=\"hidden\"><ul>\n<li class=\"fusion-li-item-content\">Products are hollow inside,<\/li>\n<li class=\"fusion-li-item-content\">Easy color change,<\/li>\n<li class=\"fusion-li-item-content\">No pressure during the production process,<\/li>\n<li class=\"fusion-li-item-content\">Low mold production costs compared to other technologies,<\/li>\n<li class=\"fusion-li-item-content\">Free from internal stresses (distortions),<\/li>\n<li class=\"fusion-li-item-content\">Efficient production process with minimal or no waste,<\/li>\n<li class=\"fusion-li-item-content\">Production of multilayer products \u2013 multiple layers in one product,<\/li>\n<li class=\"fusion-li-item-content\">Products can easily have varying wall thicknesses,<\/li>\n<li class=\"fusion-li-item-content\">Possibility of production optimization due to the ability to produce multiple products during one production cycle,<\/li>\n<li class=\"fusion-li-item-content\">Additional elements (inserts) integrated with the product directly during the production process, used for equipment assembly. <\/li>\n<\/ul>\n<\/div>\n\t\t\t\t\t\t\t\t\t<div class=\"elementor-tab-title elementor-tab-mobile-title\" aria-selected=\"false\" data-tab=\"3\" role=\"tab\" tabindex=\"-1\" aria-controls=\"elementor-tab-content-2483\" aria-expanded=\"false\">ECOLOGY<\/div>\n\t\t\t\t\t<div id=\"elementor-tab-content-2483\" class=\"elementor-tab-content elementor-clearfix\" data-tab=\"3\" role=\"tabpanel\" aria-labelledby=\"elementor-tab-title-2483\" tabindex=\"0\" hidden=\"hidden\"><ul>\n<li>Products manufactured using rotational molding technology are 100% recyclable and can be reused.<\/li>\n<\/ul>\n<\/div>\n\t\t\t\t\t\t\t\t\t<div class=\"elementor-tab-title elementor-tab-mobile-title\" aria-selected=\"false\" data-tab=\"4\" role=\"tab\" tabindex=\"-1\" aria-controls=\"elementor-tab-content-2484\" aria-expanded=\"false\">APPLICATIONS<\/div>\n\t\t\t\t\t<div id=\"elementor-tab-content-2484\" class=\"elementor-tab-content elementor-clearfix\" data-tab=\"4\" role=\"tabpanel\" aria-labelledby=\"elementor-tab-title-2484\" tabindex=\"0\" hidden=\"hidden\"><ul>\n<li>Various types of tanks: water, diesel fuel, chemicals<\/li>\n<li>Various types of wells: sewage, water meter, valve, cascade<\/li>\n<li>Housings, covers, vehicle roofs e.g., tractors or construction machinery,<\/li>\n<li>Containers for sand and salt, waste, pallets,<\/li>\n<li>Garden furniture, planters, toys,<\/li>\n<li>Decorative lamps and other interior design elements.<\/li>\n<li>Traffic safety elements,<\/li>\n<li>Decorative elements,<\/li>\n<li>Kayaks, boats, and other water accessories and products.<\/li>\n<\/ul>\n<\/div>\n\t\t\t\t\t\t\t<\/div>\n\t\t<\/div>\n\t\t\t\t\t\t<\/div>\n\t\t\t\t<\/div>\n\t\t            <\/div>\r\n        <\/div>\r\n        \t\t\t<\/div>\n\t\t<\/section>\n\t\t\t\t<\/div>\n\t\t","protected":false},"excerpt":{"rendered":"<p>Rotational molding forms are designed for manufacturing plastic products using rotational molding technology &#8211; known as rotomoulding. Thanks to their appropriate design, the molds can be multi-element depending on the complexity of the final product. Additionally, the molds can be made as modular forms, allowing for multiple product variants while saving costs on producing many [&hellip;]<\/p>\n","protected":false},"author":1,"featured_media":0,"parent":0,"menu_order":0,"comment_status":"closed","ping_status":"closed","template":"","meta":{"footnotes":""},"class_list":["post-18109","page","type-page","status-publish","hentry"],"yoast_head":"<!-- This site is optimized with the Yoast SEO plugin v27.3 - https:\/\/yoast.com\/product\/yoast-seo-wordpress\/ -->\n<title>Rotomoulding Forms - Nolen - przydomowe oczyszczalnie \u015bciek\u00f3w, zbiorniki na paliwo, AdBlue, RSM<\/title>\n<meta name=\"robots\" content=\"index, follow, max-snippet:-1, max-image-preview:large, max-video-preview:-1\" \/>\n<link rel=\"canonical\" href=\"https:\/\/nolen.pl\/en\/rotomoulding-forms\/\" \/>\n<meta property=\"og:locale\" content=\"en_US\" \/>\n<meta property=\"og:type\" content=\"article\" \/>\n<meta property=\"og:title\" content=\"Rotomoulding Forms - Nolen - przydomowe oczyszczalnie \u015bciek\u00f3w, zbiorniki na paliwo, AdBlue, RSM\" \/>\n<meta property=\"og:description\" content=\"Rotational molding forms are designed for manufacturing plastic products using rotational molding technology &#8211; known as rotomoulding. Thanks to their appropriate design, the molds can be multi-element depending on the complexity of the final product. Additionally, the molds can be made as modular forms, allowing for multiple product variants while saving costs on producing many [&hellip;]\" \/>\n<meta property=\"og:url\" content=\"https:\/\/nolen.pl\/en\/rotomoulding-forms\/\" \/>\n<meta property=\"og:site_name\" content=\"Nolen - przydomowe oczyszczalnie \u015bciek\u00f3w, zbiorniki na paliwo, AdBlue, RSM\" \/>\n<meta property=\"article:publisher\" content=\"https:\/\/www.facebook.com\/NolenStaszow\" \/>\n<meta property=\"article:modified_time\" content=\"2025-12-02T10:52:51+00:00\" \/>\n<meta property=\"og:image\" content=\"https:\/\/nolen.pl\/wp-content\/uploads\/2025\/01\/nolen_forma_zbiornik_P4_rotomoulding.webp\" \/>\n<meta name=\"twitter:card\" content=\"summary_large_image\" \/>\n<meta name=\"twitter:label1\" content=\"Est. reading time\" \/>\n\t<meta name=\"twitter:data1\" content=\"2 minutes\" \/>\n<script type=\"application\/ld+json\" class=\"yoast-schema-graph\">{\"@context\":\"https:\\\/\\\/schema.org\",\"@graph\":[{\"@type\":\"WebPage\",\"@id\":\"https:\\\/\\\/nolen.pl\\\/en\\\/rotomoulding-forms\\\/\",\"url\":\"https:\\\/\\\/nolen.pl\\\/en\\\/rotomoulding-forms\\\/\",\"name\":\"Rotomoulding Forms - Nolen - przydomowe oczyszczalnie \u015bciek\u00f3w, zbiorniki na paliwo, AdBlue, RSM\",\"isPartOf\":{\"@id\":\"https:\\\/\\\/nolen.pl\\\/en\\\/#website\"},\"primaryImageOfPage\":{\"@id\":\"https:\\\/\\\/nolen.pl\\\/en\\\/rotomoulding-forms\\\/#primaryimage\"},\"image\":{\"@id\":\"https:\\\/\\\/nolen.pl\\\/en\\\/rotomoulding-forms\\\/#primaryimage\"},\"thumbnailUrl\":\"https:\\\/\\\/nolen.pl\\\/wp-content\\\/uploads\\\/2025\\\/01\\\/nolen_forma_zbiornik_P4_rotomoulding.webp\",\"datePublished\":\"2025-01-10T12:49:46+00:00\",\"dateModified\":\"2025-12-02T10:52:51+00:00\",\"breadcrumb\":{\"@id\":\"https:\\\/\\\/nolen.pl\\\/en\\\/rotomoulding-forms\\\/#breadcrumb\"},\"inLanguage\":\"en-US\",\"potentialAction\":[{\"@type\":\"ReadAction\",\"target\":[\"https:\\\/\\\/nolen.pl\\\/en\\\/rotomoulding-forms\\\/\"]}]},{\"@type\":\"ImageObject\",\"inLanguage\":\"en-US\",\"@id\":\"https:\\\/\\\/nolen.pl\\\/en\\\/rotomoulding-forms\\\/#primaryimage\",\"url\":\"https:\\\/\\\/nolen.pl\\\/wp-content\\\/uploads\\\/2025\\\/01\\\/nolen_forma_zbiornik_P4_rotomoulding.webp\",\"contentUrl\":\"https:\\\/\\\/nolen.pl\\\/wp-content\\\/uploads\\\/2025\\\/01\\\/nolen_forma_zbiornik_P4_rotomoulding.webp\"},{\"@type\":\"BreadcrumbList\",\"@id\":\"https:\\\/\\\/nolen.pl\\\/en\\\/rotomoulding-forms\\\/#breadcrumb\",\"itemListElement\":[{\"@type\":\"ListItem\",\"position\":1,\"name\":\"Strona g\u0142\u00f3wna\",\"item\":\"https:\\\/\\\/nolen.pl\\\/en\\\/\"},{\"@type\":\"ListItem\",\"position\":2,\"name\":\"Rotomoulding Forms\"}]},{\"@type\":\"WebSite\",\"@id\":\"https:\\\/\\\/nolen.pl\\\/en\\\/#website\",\"url\":\"https:\\\/\\\/nolen.pl\\\/en\\\/\",\"name\":\"Nolen - przydomowe oczyszczalnie \u015bciek\u00f3w, zbiorniki na paliwo, AdBlue, RSM\",\"description\":\"Producent zbiornik\u00f3w do paliw, nawoz\u00f3w p\u0142ynnych, azotowych, AdBlue, wody.\",\"publisher\":{\"@id\":\"https:\\\/\\\/nolen.pl\\\/en\\\/#organization\"},\"potentialAction\":[{\"@type\":\"SearchAction\",\"target\":{\"@type\":\"EntryPoint\",\"urlTemplate\":\"https:\\\/\\\/nolen.pl\\\/en\\\/?s={search_term_string}\"},\"query-input\":{\"@type\":\"PropertyValueSpecification\",\"valueRequired\":true,\"valueName\":\"search_term_string\"}}],\"inLanguage\":\"en-US\"},{\"@type\":\"Organization\",\"@id\":\"https:\\\/\\\/nolen.pl\\\/en\\\/#organization\",\"name\":\"Producent zbiornik\u00f3w do paliw, nawoz\u00f3w p\u0142ynnych, azotowych, AdBlue, wody.\",\"url\":\"https:\\\/\\\/nolen.pl\\\/en\\\/\",\"logo\":{\"@type\":\"ImageObject\",\"inLanguage\":\"en-US\",\"@id\":\"https:\\\/\\\/nolen.pl\\\/en\\\/#\\\/schema\\\/logo\\\/image\\\/\",\"url\":\"https:\\\/\\\/nolen.pl\\\/wp-content\\\/uploads\\\/2025\\\/01\\\/logo_nolen_granatowe_500px.webp\",\"contentUrl\":\"https:\\\/\\\/nolen.pl\\\/wp-content\\\/uploads\\\/2025\\\/01\\\/logo_nolen_granatowe_500px.webp\",\"width\":500,\"height\":165,\"caption\":\"Producent zbiornik\u00f3w do paliw, nawoz\u00f3w p\u0142ynnych, azotowych, AdBlue, wody.\"},\"image\":{\"@id\":\"https:\\\/\\\/nolen.pl\\\/en\\\/#\\\/schema\\\/logo\\\/image\\\/\"},\"sameAs\":[\"https:\\\/\\\/www.facebook.com\\\/NolenStaszow\"]}]}<\/script>\n<!-- \/ Yoast SEO plugin. -->","yoast_head_json":{"title":"Rotomoulding Forms - Nolen - przydomowe oczyszczalnie \u015bciek\u00f3w, zbiorniki na paliwo, AdBlue, RSM","robots":{"index":"index","follow":"follow","max-snippet":"max-snippet:-1","max-image-preview":"max-image-preview:large","max-video-preview":"max-video-preview:-1"},"canonical":"https:\/\/nolen.pl\/en\/rotomoulding-forms\/","og_locale":"en_US","og_type":"article","og_title":"Rotomoulding Forms - Nolen - przydomowe oczyszczalnie \u015bciek\u00f3w, zbiorniki na paliwo, AdBlue, RSM","og_description":"Rotational molding forms are designed for manufacturing plastic products using rotational molding technology &#8211; known as rotomoulding. Thanks to their appropriate design, the molds can be multi-element depending on the complexity of the final product. Additionally, the molds can be made as modular forms, allowing for multiple product variants while saving costs on producing many [&hellip;]","og_url":"https:\/\/nolen.pl\/en\/rotomoulding-forms\/","og_site_name":"Nolen - przydomowe oczyszczalnie \u015bciek\u00f3w, zbiorniki na paliwo, AdBlue, RSM","article_publisher":"https:\/\/www.facebook.com\/NolenStaszow","article_modified_time":"2025-12-02T10:52:51+00:00","og_image":[{"url":"https:\/\/nolen.pl\/wp-content\/uploads\/2025\/01\/nolen_forma_zbiornik_P4_rotomoulding.webp","type":"","width":"","height":""}],"twitter_card":"summary_large_image","twitter_misc":{"Est. reading time":"2 minutes"},"schema":{"@context":"https:\/\/schema.org","@graph":[{"@type":"WebPage","@id":"https:\/\/nolen.pl\/en\/rotomoulding-forms\/","url":"https:\/\/nolen.pl\/en\/rotomoulding-forms\/","name":"Rotomoulding Forms - Nolen - przydomowe oczyszczalnie \u015bciek\u00f3w, zbiorniki na paliwo, AdBlue, RSM","isPartOf":{"@id":"https:\/\/nolen.pl\/en\/#website"},"primaryImageOfPage":{"@id":"https:\/\/nolen.pl\/en\/rotomoulding-forms\/#primaryimage"},"image":{"@id":"https:\/\/nolen.pl\/en\/rotomoulding-forms\/#primaryimage"},"thumbnailUrl":"https:\/\/nolen.pl\/wp-content\/uploads\/2025\/01\/nolen_forma_zbiornik_P4_rotomoulding.webp","datePublished":"2025-01-10T12:49:46+00:00","dateModified":"2025-12-02T10:52:51+00:00","breadcrumb":{"@id":"https:\/\/nolen.pl\/en\/rotomoulding-forms\/#breadcrumb"},"inLanguage":"en-US","potentialAction":[{"@type":"ReadAction","target":["https:\/\/nolen.pl\/en\/rotomoulding-forms\/"]}]},{"@type":"ImageObject","inLanguage":"en-US","@id":"https:\/\/nolen.pl\/en\/rotomoulding-forms\/#primaryimage","url":"https:\/\/nolen.pl\/wp-content\/uploads\/2025\/01\/nolen_forma_zbiornik_P4_rotomoulding.webp","contentUrl":"https:\/\/nolen.pl\/wp-content\/uploads\/2025\/01\/nolen_forma_zbiornik_P4_rotomoulding.webp"},{"@type":"BreadcrumbList","@id":"https:\/\/nolen.pl\/en\/rotomoulding-forms\/#breadcrumb","itemListElement":[{"@type":"ListItem","position":1,"name":"Strona g\u0142\u00f3wna","item":"https:\/\/nolen.pl\/en\/"},{"@type":"ListItem","position":2,"name":"Rotomoulding Forms"}]},{"@type":"WebSite","@id":"https:\/\/nolen.pl\/en\/#website","url":"https:\/\/nolen.pl\/en\/","name":"Nolen - przydomowe oczyszczalnie \u015bciek\u00f3w, zbiorniki na paliwo, AdBlue, RSM","description":"Producent zbiornik\u00f3w do paliw, nawoz\u00f3w p\u0142ynnych, azotowych, AdBlue, wody.","publisher":{"@id":"https:\/\/nolen.pl\/en\/#organization"},"potentialAction":[{"@type":"SearchAction","target":{"@type":"EntryPoint","urlTemplate":"https:\/\/nolen.pl\/en\/?s={search_term_string}"},"query-input":{"@type":"PropertyValueSpecification","valueRequired":true,"valueName":"search_term_string"}}],"inLanguage":"en-US"},{"@type":"Organization","@id":"https:\/\/nolen.pl\/en\/#organization","name":"Producent zbiornik\u00f3w do paliw, nawoz\u00f3w p\u0142ynnych, azotowych, AdBlue, wody.","url":"https:\/\/nolen.pl\/en\/","logo":{"@type":"ImageObject","inLanguage":"en-US","@id":"https:\/\/nolen.pl\/en\/#\/schema\/logo\/image\/","url":"https:\/\/nolen.pl\/wp-content\/uploads\/2025\/01\/logo_nolen_granatowe_500px.webp","contentUrl":"https:\/\/nolen.pl\/wp-content\/uploads\/2025\/01\/logo_nolen_granatowe_500px.webp","width":500,"height":165,"caption":"Producent zbiornik\u00f3w do paliw, nawoz\u00f3w p\u0142ynnych, azotowych, AdBlue, wody."},"image":{"@id":"https:\/\/nolen.pl\/en\/#\/schema\/logo\/image\/"},"sameAs":["https:\/\/www.facebook.com\/NolenStaszow"]}]}},"_links":{"self":[{"href":"https:\/\/nolen.pl\/en\/wp-json\/wp\/v2\/pages\/18109","targetHints":{"allow":["GET"]}}],"collection":[{"href":"https:\/\/nolen.pl\/en\/wp-json\/wp\/v2\/pages"}],"about":[{"href":"https:\/\/nolen.pl\/en\/wp-json\/wp\/v2\/types\/page"}],"author":[{"embeddable":true,"href":"https:\/\/nolen.pl\/en\/wp-json\/wp\/v2\/users\/1"}],"replies":[{"embeddable":true,"href":"https:\/\/nolen.pl\/en\/wp-json\/wp\/v2\/comments?post=18109"}],"version-history":[{"count":5,"href":"https:\/\/nolen.pl\/en\/wp-json\/wp\/v2\/pages\/18109\/revisions"}],"predecessor-version":[{"id":19342,"href":"https:\/\/nolen.pl\/en\/wp-json\/wp\/v2\/pages\/18109\/revisions\/19342"}],"wp:attachment":[{"href":"https:\/\/nolen.pl\/en\/wp-json\/wp\/v2\/media?parent=18109"}],"curies":[{"name":"wp","href":"https:\/\/api.w.org\/{rel}","templated":true}]}}