{"id":18067,"date":"2025-05-05T14:22:48","date_gmt":"2025-05-05T12:22:48","guid":{"rendered":"https:\/\/nolen.pl\/eu-projects\/"},"modified":"2025-11-23T13:16:26","modified_gmt":"2025-11-23T12:16:26","slug":"eu-projects","status":"publish","type":"page","link":"https:\/\/nolen.pl\/en\/eu-projects\/","title":{"rendered":"EU Projects"},"content":{"rendered":"\t\t<div data-elementor-type=\"wp-page\" data-elementor-id=\"18067\" class=\"elementor elementor-18067 elementor-17160\" data-elementor-post-type=\"page\">\n\t\t\t\t        <section class=\"elementor-section elementor-top-section elementor-element elementor-element-fbc86f5 elementor-section-boxed elementor-section-height-default elementor-section-height-default pxl-row-scroll-none pxl-column-overflow-gradient-top-no pxl-column-overflow-gradient-bottom-no pxl-section-bg-none rael-particle-no\" data-id=\"fbc86f5\" data-element_type=\"section\" data-e-type=\"section\" data-settings=\"{&quot;rae_animations_entrance&quot;:&quot;none&quot;}\">\n\n                \n                <div class=\"elementor-container elementor-column-gap-default \">\n                <div class=\"elementor-column elementor-col-100 elementor-top-column elementor-element elementor-element-8b3f811 pxl-section-offset-none pxl-column-none rael-particle-no\" data-id=\"8b3f811\" data-element_type=\"column\" data-e-type=\"column\">\r\n        <div class=\"elementor-widget-wrap elementor-element-populated\">\r\n                     \r\n        \t\t<div class=\"elementor-element elementor-element-5bc301b elementor-widget elementor-widget-pxl_heading\" data-id=\"5bc301b\" data-element_type=\"widget\" data-e-type=\"widget\" data-widget_type=\"pxl_heading.default\">\n\t\t\t\t<div class=\"elementor-widget-container\">\n\t\t\t\t\t<div class=\"pxl-heading  \">\n\t<div class=\"pxl-heading--inner \">\n\t\t\t\t<h3 class=\"pxl-item--title style1 df divider-none   \" data-wow-delay=\"ms\" data-wow-duration=\"1.2s\">\n\t\tProjekty UE\t\t\t\t\t<span class=\"title-line\"><\/span>\n\t\t\t\t<\/h3>\n\t<\/div>\n<\/div>\n\t\t\t\t<\/div>\n\t\t\t\t<\/div>\n\t\t            <\/div>\r\n        <\/div>\r\n        \t\t\t<\/div>\n\t\t<\/section>\n\t\t        <section class=\"elementor-section elementor-top-section elementor-element elementor-element-3fbf5cb elementor-section-boxed elementor-section-height-default elementor-section-height-default pxl-row-scroll-none pxl-column-overflow-gradient-top-no pxl-column-overflow-gradient-bottom-no pxl-section-bg-none rael-particle-no\" data-id=\"3fbf5cb\" data-element_type=\"section\" data-e-type=\"section\" data-settings=\"{&quot;rae_animations_entrance&quot;:&quot;none&quot;}\">\n\n                \n                <div class=\"elementor-container elementor-column-gap-default \">\n                <div class=\"elementor-column elementor-col-100 elementor-top-column elementor-element elementor-element-f947538 pxl-section-offset-none pxl-column-none rael-particle-no\" data-id=\"f947538\" data-element_type=\"column\" data-e-type=\"column\">\r\n        <div class=\"elementor-widget-wrap elementor-element-populated\">\r\n                     \r\n        \t\t<div class=\"elementor-element elementor-element-b17d75b elementor-widget elementor-widget-text-editor\" data-id=\"b17d75b\" data-element_type=\"widget\" data-e-type=\"widget\" data-widget_type=\"text-editor.default\">\n\t\t\t\t<div class=\"elementor-widget-container\">\n\t\t\t\t\t\t\t\t\t<p style=\"text-align: center;\">Increasing competitiveness and innovation of NOLEN Sp. z o.o., within the European Funds program &nbsp;<\/p><p style=\"text-align: center;\">for Eastern Poland 2021-2027 Priority I. Action 1.4 Design in SMEs.<\/p>\t\t\t\t\t\t\t\t<\/div>\n\t\t\t\t<\/div>\n\t\t            <\/div>\r\n        <\/div>\r\n        \t\t\t<\/div>\n\t\t<\/section>\n\t\t        <section class=\"elementor-section elementor-top-section elementor-element elementor-element-49994c8 elementor-section-boxed elementor-section-height-default elementor-section-height-default pxl-row-scroll-none pxl-column-overflow-gradient-top-no pxl-column-overflow-gradient-bottom-no pxl-section-bg-none rael-particle-no\" data-id=\"49994c8\" data-element_type=\"section\" data-e-type=\"section\" data-settings=\"{&quot;rae_animations_entrance&quot;:&quot;none&quot;}\">\n\n                \n                <div class=\"elementor-container elementor-column-gap-default \">\n                <div class=\"elementor-column elementor-col-100 elementor-top-column elementor-element elementor-element-67323c3 pxl-section-offset-none pxl-column-none rael-particle-no\" data-id=\"67323c3\" data-element_type=\"column\" data-e-type=\"column\">\r\n        <div class=\"elementor-widget-wrap elementor-element-populated\">\r\n                     \r\n        \t\t<div class=\"elementor-element elementor-element-a0259b2 elementor-widget elementor-widget-image\" data-id=\"a0259b2\" data-element_type=\"widget\" data-e-type=\"widget\" data-widget_type=\"image.default\">\n\t\t\t\t<div class=\"elementor-widget-container\">\n\t\t\t\t\t\t\t\t\t\t\t\t\t\t\t\t<a href=\"http:\/\/nolen.pl\/wp-content\/uploads\/2025\/05\/NOLEN_Plakat-dotacje_UE-scaled.webp\" data-elementor-open-lightbox=\"yes\" data-e-action-hash=\"#elementor-action%3Aaction%3Dlightbox%26settings%3DeyJpZCI6MTgwODEsInVybCI6Imh0dHBzOlwvXC9ub2xlbi5wbFwvd3AtY29udGVudFwvdXBsb2Fkc1wvMjAyNVwvMDVcL05PTEVOX1BsYWthdC1kb3RhY2plX1VFLXNjYWxlZC53ZWJwIn0%3D\">\n\t\t\t\t\t\t\t<img fetchpriority=\"high\" decoding=\"async\" width=\"768\" height=\"543\" src=\"https:\/\/nolen.pl\/wp-content\/uploads\/2025\/05\/NOLEN_Plakat-dotacje_UE-768x543.webp\" class=\"attachment-medium_large size-medium_large wp-image-18081\" alt=\"NOLEN EU Grants Poster\" srcset=\"https:\/\/nolen.pl\/wp-content\/uploads\/2025\/05\/NOLEN_Plakat-dotacje_UE-768x543.webp 768w, https:\/\/nolen.pl\/wp-content\/uploads\/2025\/05\/NOLEN_Plakat-dotacje_UE-300x212.webp 300w, https:\/\/nolen.pl\/wp-content\/uploads\/2025\/05\/NOLEN_Plakat-dotacje_UE-1024x724.webp 1024w, https:\/\/nolen.pl\/wp-content\/uploads\/2025\/05\/NOLEN_Plakat-dotacje_UE-1536x1086.webp 1536w, https:\/\/nolen.pl\/wp-content\/uploads\/2025\/05\/NOLEN_Plakat-dotacje_UE-2048x1448.webp 2048w, https:\/\/nolen.pl\/wp-content\/uploads\/2025\/05\/NOLEN_Plakat-dotacje_UE-1004x710.webp 1004w, https:\/\/nolen.pl\/wp-content\/uploads\/2025\/05\/NOLEN_Plakat-dotacje_UE-170x120.webp 170w\" sizes=\"(max-width: 768px) 100vw, 768px\" \/>\t\t\t\t\t\t\t\t<\/a>\n\t\t\t\t\t\t\t\t\t\t\t\t\t\t\t<\/div>\n\t\t\t\t<\/div>\n\t\t\t\t<div class=\"elementor-element elementor-element-49d6da7 elementor-widget elementor-widget-image\" data-id=\"49d6da7\" data-element_type=\"widget\" data-e-type=\"widget\" data-widget_type=\"image.default\">\n\t\t\t\t<div class=\"elementor-widget-container\">\n\t\t\t\t\t\t\t\t\t\t\t\t\t\t\t\t<a href=\"http:\/\/nolen.pl\/wp-content\/uploads\/2025\/06\/NOLEN_Informacja_promocja_Strona_1-scaled.webp\" data-elementor-open-lightbox=\"yes\" data-e-action-hash=\"#elementor-action%3Aaction%3Dlightbox%26settings%3DeyJpZCI6MTgwODQsInVybCI6Imh0dHBzOlwvXC9ub2xlbi5wbFwvd3AtY29udGVudFwvdXBsb2Fkc1wvMjAyNVwvMDZcL05PTEVOX0luZm9ybWFjamFfcHJvbW9jamFfU3Ryb25hXzEtc2NhbGVkLndlYnAifQ%3D%3D\">\n\t\t\t\t\t\t\t<img decoding=\"async\" width=\"768\" height=\"543\" src=\"https:\/\/nolen.pl\/wp-content\/uploads\/2025\/06\/NOLEN_Informacja_promocja_Strona_1-768x543.webp\" class=\"attachment-medium_large size-medium_large wp-image-18084\" alt=\"NOLEN_Information_promotion_Page_1\" srcset=\"https:\/\/nolen.pl\/wp-content\/uploads\/2025\/06\/NOLEN_Informacja_promocja_Strona_1-768x543.webp 768w, https:\/\/nolen.pl\/wp-content\/uploads\/2025\/06\/NOLEN_Informacja_promocja_Strona_1-300x212.webp 300w, https:\/\/nolen.pl\/wp-content\/uploads\/2025\/06\/NOLEN_Informacja_promocja_Strona_1-1024x724.webp 1024w, https:\/\/nolen.pl\/wp-content\/uploads\/2025\/06\/NOLEN_Informacja_promocja_Strona_1-1536x1086.webp 1536w, https:\/\/nolen.pl\/wp-content\/uploads\/2025\/06\/NOLEN_Informacja_promocja_Strona_1-2048x1448.webp 2048w, https:\/\/nolen.pl\/wp-content\/uploads\/2025\/06\/NOLEN_Informacja_promocja_Strona_1-1004x710.webp 1004w, https:\/\/nolen.pl\/wp-content\/uploads\/2025\/06\/NOLEN_Informacja_promocja_Strona_1-170x120.webp 170w\" sizes=\"(max-width: 768px) 100vw, 768px\" \/>\t\t\t\t\t\t\t\t<\/a>\n\t\t\t\t\t\t\t\t\t\t\t\t\t\t\t<\/div>\n\t\t\t\t<\/div>\n\t\t\t\t<div class=\"elementor-element elementor-element-c6db29d elementor-widget elementor-widget-image\" data-id=\"c6db29d\" data-element_type=\"widget\" data-e-type=\"widget\" data-widget_type=\"image.default\">\n\t\t\t\t<div class=\"elementor-widget-container\">\n\t\t\t\t\t\t\t\t\t\t\t\t\t\t\t\t<a href=\"http:\/\/nolen.pl\/wp-content\/uploads\/2025\/06\/NOLEN_Informacja_promocja_Strona_2-scaled.webp\" data-elementor-open-lightbox=\"yes\" data-e-action-hash=\"#elementor-action%3Aaction%3Dlightbox%26settings%3DeyJpZCI6MTgwODMsInVybCI6Imh0dHBzOlwvXC9ub2xlbi5wbFwvd3AtY29udGVudFwvdXBsb2Fkc1wvMjAyNVwvMDZcL05PTEVOX0luZm9ybWFjamFfcHJvbW9jamFfU3Ryb25hXzItc2NhbGVkLndlYnAifQ%3D%3D\">\n\t\t\t\t\t\t\t<img decoding=\"async\" width=\"768\" height=\"543\" src=\"https:\/\/nolen.pl\/wp-content\/uploads\/2025\/06\/NOLEN_Informacja_promocja_Strona_2-768x543.webp\" class=\"attachment-medium_large size-medium_large wp-image-18083\" alt=\"\" srcset=\"https:\/\/nolen.pl\/wp-content\/uploads\/2025\/06\/NOLEN_Informacja_promocja_Strona_2-768x543.webp 768w, https:\/\/nolen.pl\/wp-content\/uploads\/2025\/06\/NOLEN_Informacja_promocja_Strona_2-300x212.webp 300w, https:\/\/nolen.pl\/wp-content\/uploads\/2025\/06\/NOLEN_Informacja_promocja_Strona_2-1024x724.webp 1024w, https:\/\/nolen.pl\/wp-content\/uploads\/2025\/06\/NOLEN_Informacja_promocja_Strona_2-1536x1086.webp 1536w, https:\/\/nolen.pl\/wp-content\/uploads\/2025\/06\/NOLEN_Informacja_promocja_Strona_2-2048x1448.webp 2048w, https:\/\/nolen.pl\/wp-content\/uploads\/2025\/06\/NOLEN_Informacja_promocja_Strona_2-1004x710.webp 1004w, https:\/\/nolen.pl\/wp-content\/uploads\/2025\/06\/NOLEN_Informacja_promocja_Strona_2-170x120.webp 170w\" sizes=\"(max-width: 768px) 100vw, 768px\" \/>\t\t\t\t\t\t\t\t<\/a>\n\t\t\t\t\t\t\t\t\t\t\t\t\t\t\t<\/div>\n\t\t\t\t<\/div>\n\t\t\t\t<div class=\"elementor-element elementor-element-9d3512d elementor-widget elementor-widget-image\" data-id=\"9d3512d\" data-element_type=\"widget\" data-e-type=\"widget\" data-widget_type=\"image.default\">\n\t\t\t\t<div class=\"elementor-widget-container\">\n\t\t\t\t\t\t\t\t\t\t\t\t\t\t\t\t<a href=\"http:\/\/nolen.pl\/wp-content\/uploads\/2025\/06\/NOLEN_Informacja_promocja_Strona_3-scaled.webp\" data-elementor-open-lightbox=\"yes\" data-e-action-hash=\"#elementor-action%3Aaction%3Dlightbox%26settings%3DeyJpZCI6MTgwODIsInVybCI6Imh0dHBzOlwvXC9ub2xlbi5wbFwvd3AtY29udGVudFwvdXBsb2Fkc1wvMjAyNVwvMDZcL05PTEVOX0luZm9ybWFjamFfcHJvbW9jamFfU3Ryb25hXzMtc2NhbGVkLndlYnAifQ%3D%3D\">\n\t\t\t\t\t\t\t<img loading=\"lazy\" decoding=\"async\" width=\"768\" height=\"543\" src=\"https:\/\/nolen.pl\/wp-content\/uploads\/2025\/06\/NOLEN_Informacja_promocja_Strona_3-768x543.webp\" class=\"attachment-medium_large size-medium_large wp-image-18082\" alt=\"NOLEN_Information_promotion_Page_3\" srcset=\"https:\/\/nolen.pl\/wp-content\/uploads\/2025\/06\/NOLEN_Informacja_promocja_Strona_3-768x543.webp 768w, https:\/\/nolen.pl\/wp-content\/uploads\/2025\/06\/NOLEN_Informacja_promocja_Strona_3-300x212.webp 300w, https:\/\/nolen.pl\/wp-content\/uploads\/2025\/06\/NOLEN_Informacja_promocja_Strona_3-1024x724.webp 1024w, https:\/\/nolen.pl\/wp-content\/uploads\/2025\/06\/NOLEN_Informacja_promocja_Strona_3-1536x1086.webp 1536w, https:\/\/nolen.pl\/wp-content\/uploads\/2025\/06\/NOLEN_Informacja_promocja_Strona_3-2048x1448.webp 2048w, https:\/\/nolen.pl\/wp-content\/uploads\/2025\/06\/NOLEN_Informacja_promocja_Strona_3-1004x710.webp 1004w, https:\/\/nolen.pl\/wp-content\/uploads\/2025\/06\/NOLEN_Informacja_promocja_Strona_3-170x120.webp 170w\" sizes=\"(max-width: 768px) 100vw, 768px\" \/>\t\t\t\t\t\t\t\t<\/a>\n\t\t\t\t\t\t\t\t\t\t\t\t\t\t\t<\/div>\n\t\t\t\t<\/div>\n\t\t            <\/div>\r\n        <\/div>\r\n        \t\t\t<\/div>\n\t\t<\/section>\n\t\t\t\t<\/div>\n\t\t","protected":false},"excerpt":{"rendered":"<p>Projekty UE Increasing competitiveness and innovation of NOLEN Sp. z o.o., within the European Funds program for Eastern Poland 2021-2027 Priority I. Action 1.4 Design in SMEs.<\/p>\n","protected":false},"author":1,"featured_media":0,"parent":0,"menu_order":0,"comment_status":"closed","ping_status":"closed","template":"","meta":{"footnotes":""},"class_list":["post-18067","page","type-page","status-publish","hentry"],"yoast_head":"<!-- This site is optimized with the Yoast SEO plugin v27.3 - https:\/\/yoast.com\/product\/yoast-seo-wordpress\/ -->\n<title>EU Projects - Nolen - przydomowe oczyszczalnie \u015bciek\u00f3w, zbiorniki na paliwo, AdBlue, RSM<\/title>\n<meta name=\"robots\" content=\"index, follow, max-snippet:-1, max-image-preview:large, max-video-preview:-1\" \/>\n<link rel=\"canonical\" href=\"https:\/\/nolen.pl\/en\/eu-projects\/\" \/>\n<meta property=\"og:locale\" content=\"en_US\" \/>\n<meta property=\"og:type\" content=\"article\" \/>\n<meta property=\"og:title\" content=\"EU Projects - Nolen - przydomowe oczyszczalnie \u015bciek\u00f3w, zbiorniki na paliwo, AdBlue, RSM\" \/>\n<meta property=\"og:description\" content=\"Projekty UE Increasing competitiveness and innovation of NOLEN Sp. z o.o., within the European Funds program for Eastern Poland 2021-2027 Priority I. Action 1.4 Design in SMEs.\" \/>\n<meta property=\"og:url\" content=\"https:\/\/nolen.pl\/en\/eu-projects\/\" \/>\n<meta property=\"og:site_name\" content=\"Nolen - przydomowe oczyszczalnie \u015bciek\u00f3w, zbiorniki na paliwo, AdBlue, RSM\" \/>\n<meta property=\"article:publisher\" content=\"https:\/\/www.facebook.com\/NolenStaszow\" \/>\n<meta property=\"article:modified_time\" content=\"2025-11-23T12:16:26+00:00\" \/>\n<meta property=\"og:image\" content=\"https:\/\/nolen.pl\/wp-content\/uploads\/2025\/05\/NOLEN_Plakat-dotacje_UE-768x543.webp\" \/>\n<meta name=\"twitter:card\" content=\"summary_large_image\" \/>\n<meta name=\"twitter:label1\" content=\"Est. reading time\" \/>\n\t<meta name=\"twitter:data1\" content=\"1 minute\" \/>\n<script type=\"application\/ld+json\" class=\"yoast-schema-graph\">{\"@context\":\"https:\\\/\\\/schema.org\",\"@graph\":[{\"@type\":\"WebPage\",\"@id\":\"https:\\\/\\\/nolen.pl\\\/en\\\/eu-projects\\\/\",\"url\":\"https:\\\/\\\/nolen.pl\\\/en\\\/eu-projects\\\/\",\"name\":\"EU Projects - Nolen - przydomowe oczyszczalnie \u015bciek\u00f3w, zbiorniki na paliwo, AdBlue, RSM\",\"isPartOf\":{\"@id\":\"https:\\\/\\\/nolen.pl\\\/en\\\/#website\"},\"primaryImageOfPage\":{\"@id\":\"https:\\\/\\\/nolen.pl\\\/en\\\/eu-projects\\\/#primaryimage\"},\"image\":{\"@id\":\"https:\\\/\\\/nolen.pl\\\/en\\\/eu-projects\\\/#primaryimage\"},\"thumbnailUrl\":\"https:\\\/\\\/nolen.pl\\\/wp-content\\\/uploads\\\/2025\\\/05\\\/NOLEN_Plakat-dotacje_UE-768x543.webp\",\"datePublished\":\"2025-05-05T12:22:48+00:00\",\"dateModified\":\"2025-11-23T12:16:26+00:00\",\"breadcrumb\":{\"@id\":\"https:\\\/\\\/nolen.pl\\\/en\\\/eu-projects\\\/#breadcrumb\"},\"inLanguage\":\"en-US\",\"potentialAction\":[{\"@type\":\"ReadAction\",\"target\":[\"https:\\\/\\\/nolen.pl\\\/en\\\/eu-projects\\\/\"]}]},{\"@type\":\"ImageObject\",\"inLanguage\":\"en-US\",\"@id\":\"https:\\\/\\\/nolen.pl\\\/en\\\/eu-projects\\\/#primaryimage\",\"url\":\"https:\\\/\\\/nolen.pl\\\/wp-content\\\/uploads\\\/2025\\\/05\\\/NOLEN_Plakat-dotacje_UE-768x543.webp\",\"contentUrl\":\"https:\\\/\\\/nolen.pl\\\/wp-content\\\/uploads\\\/2025\\\/05\\\/NOLEN_Plakat-dotacje_UE-768x543.webp\"},{\"@type\":\"BreadcrumbList\",\"@id\":\"https:\\\/\\\/nolen.pl\\\/en\\\/eu-projects\\\/#breadcrumb\",\"itemListElement\":[{\"@type\":\"ListItem\",\"position\":1,\"name\":\"Strona g\u0142\u00f3wna\",\"item\":\"https:\\\/\\\/nolen.pl\\\/en\\\/\"},{\"@type\":\"ListItem\",\"position\":2,\"name\":\"EU Projects\"}]},{\"@type\":\"WebSite\",\"@id\":\"https:\\\/\\\/nolen.pl\\\/en\\\/#website\",\"url\":\"https:\\\/\\\/nolen.pl\\\/en\\\/\",\"name\":\"Nolen - przydomowe oczyszczalnie \u015bciek\u00f3w, zbiorniki na paliwo, AdBlue, RSM\",\"description\":\"Producent zbiornik\u00f3w do paliw, nawoz\u00f3w p\u0142ynnych, azotowych, AdBlue, wody.\",\"publisher\":{\"@id\":\"https:\\\/\\\/nolen.pl\\\/en\\\/#organization\"},\"potentialAction\":[{\"@type\":\"SearchAction\",\"target\":{\"@type\":\"EntryPoint\",\"urlTemplate\":\"https:\\\/\\\/nolen.pl\\\/en\\\/?s={search_term_string}\"},\"query-input\":{\"@type\":\"PropertyValueSpecification\",\"valueRequired\":true,\"valueName\":\"search_term_string\"}}],\"inLanguage\":\"en-US\"},{\"@type\":\"Organization\",\"@id\":\"https:\\\/\\\/nolen.pl\\\/en\\\/#organization\",\"name\":\"Producent zbiornik\u00f3w do paliw, nawoz\u00f3w p\u0142ynnych, azotowych, AdBlue, wody.\",\"url\":\"https:\\\/\\\/nolen.pl\\\/en\\\/\",\"logo\":{\"@type\":\"ImageObject\",\"inLanguage\":\"en-US\",\"@id\":\"https:\\\/\\\/nolen.pl\\\/en\\\/#\\\/schema\\\/logo\\\/image\\\/\",\"url\":\"https:\\\/\\\/nolen.pl\\\/wp-content\\\/uploads\\\/2025\\\/01\\\/logo_nolen_granatowe_500px.webp\",\"contentUrl\":\"https:\\\/\\\/nolen.pl\\\/wp-content\\\/uploads\\\/2025\\\/01\\\/logo_nolen_granatowe_500px.webp\",\"width\":500,\"height\":165,\"caption\":\"Producent zbiornik\u00f3w do paliw, nawoz\u00f3w p\u0142ynnych, azotowych, AdBlue, wody.\"},\"image\":{\"@id\":\"https:\\\/\\\/nolen.pl\\\/en\\\/#\\\/schema\\\/logo\\\/image\\\/\"},\"sameAs\":[\"https:\\\/\\\/www.facebook.com\\\/NolenStaszow\"]}]}<\/script>\n<!-- \/ Yoast SEO plugin. -->","yoast_head_json":{"title":"EU Projects - Nolen - przydomowe oczyszczalnie \u015bciek\u00f3w, zbiorniki na paliwo, AdBlue, RSM","robots":{"index":"index","follow":"follow","max-snippet":"max-snippet:-1","max-image-preview":"max-image-preview:large","max-video-preview":"max-video-preview:-1"},"canonical":"https:\/\/nolen.pl\/en\/eu-projects\/","og_locale":"en_US","og_type":"article","og_title":"EU Projects - Nolen - przydomowe oczyszczalnie \u015bciek\u00f3w, zbiorniki na paliwo, AdBlue, RSM","og_description":"Projekty UE Increasing competitiveness and innovation of NOLEN Sp. z o.o., within the European Funds program for Eastern Poland 2021-2027 Priority I. Action 1.4 Design in SMEs.","og_url":"https:\/\/nolen.pl\/en\/eu-projects\/","og_site_name":"Nolen - przydomowe oczyszczalnie \u015bciek\u00f3w, zbiorniki na paliwo, AdBlue, RSM","article_publisher":"https:\/\/www.facebook.com\/NolenStaszow","article_modified_time":"2025-11-23T12:16:26+00:00","og_image":[{"url":"https:\/\/nolen.pl\/wp-content\/uploads\/2025\/05\/NOLEN_Plakat-dotacje_UE-768x543.webp","type":"","width":"","height":""}],"twitter_card":"summary_large_image","twitter_misc":{"Est. reading time":"1 minute"},"schema":{"@context":"https:\/\/schema.org","@graph":[{"@type":"WebPage","@id":"https:\/\/nolen.pl\/en\/eu-projects\/","url":"https:\/\/nolen.pl\/en\/eu-projects\/","name":"EU Projects - Nolen - przydomowe oczyszczalnie \u015bciek\u00f3w, zbiorniki na paliwo, AdBlue, RSM","isPartOf":{"@id":"https:\/\/nolen.pl\/en\/#website"},"primaryImageOfPage":{"@id":"https:\/\/nolen.pl\/en\/eu-projects\/#primaryimage"},"image":{"@id":"https:\/\/nolen.pl\/en\/eu-projects\/#primaryimage"},"thumbnailUrl":"https:\/\/nolen.pl\/wp-content\/uploads\/2025\/05\/NOLEN_Plakat-dotacje_UE-768x543.webp","datePublished":"2025-05-05T12:22:48+00:00","dateModified":"2025-11-23T12:16:26+00:00","breadcrumb":{"@id":"https:\/\/nolen.pl\/en\/eu-projects\/#breadcrumb"},"inLanguage":"en-US","potentialAction":[{"@type":"ReadAction","target":["https:\/\/nolen.pl\/en\/eu-projects\/"]}]},{"@type":"ImageObject","inLanguage":"en-US","@id":"https:\/\/nolen.pl\/en\/eu-projects\/#primaryimage","url":"https:\/\/nolen.pl\/wp-content\/uploads\/2025\/05\/NOLEN_Plakat-dotacje_UE-768x543.webp","contentUrl":"https:\/\/nolen.pl\/wp-content\/uploads\/2025\/05\/NOLEN_Plakat-dotacje_UE-768x543.webp"},{"@type":"BreadcrumbList","@id":"https:\/\/nolen.pl\/en\/eu-projects\/#breadcrumb","itemListElement":[{"@type":"ListItem","position":1,"name":"Strona g\u0142\u00f3wna","item":"https:\/\/nolen.pl\/en\/"},{"@type":"ListItem","position":2,"name":"EU Projects"}]},{"@type":"WebSite","@id":"https:\/\/nolen.pl\/en\/#website","url":"https:\/\/nolen.pl\/en\/","name":"Nolen - przydomowe oczyszczalnie \u015bciek\u00f3w, zbiorniki na paliwo, AdBlue, RSM","description":"Producent zbiornik\u00f3w do paliw, nawoz\u00f3w p\u0142ynnych, azotowych, AdBlue, wody.","publisher":{"@id":"https:\/\/nolen.pl\/en\/#organization"},"potentialAction":[{"@type":"SearchAction","target":{"@type":"EntryPoint","urlTemplate":"https:\/\/nolen.pl\/en\/?s={search_term_string}"},"query-input":{"@type":"PropertyValueSpecification","valueRequired":true,"valueName":"search_term_string"}}],"inLanguage":"en-US"},{"@type":"Organization","@id":"https:\/\/nolen.pl\/en\/#organization","name":"Producent zbiornik\u00f3w do paliw, nawoz\u00f3w p\u0142ynnych, azotowych, AdBlue, wody.","url":"https:\/\/nolen.pl\/en\/","logo":{"@type":"ImageObject","inLanguage":"en-US","@id":"https:\/\/nolen.pl\/en\/#\/schema\/logo\/image\/","url":"https:\/\/nolen.pl\/wp-content\/uploads\/2025\/01\/logo_nolen_granatowe_500px.webp","contentUrl":"https:\/\/nolen.pl\/wp-content\/uploads\/2025\/01\/logo_nolen_granatowe_500px.webp","width":500,"height":165,"caption":"Producent zbiornik\u00f3w do paliw, nawoz\u00f3w p\u0142ynnych, azotowych, AdBlue, wody."},"image":{"@id":"https:\/\/nolen.pl\/en\/#\/schema\/logo\/image\/"},"sameAs":["https:\/\/www.facebook.com\/NolenStaszow"]}]}},"_links":{"self":[{"href":"https:\/\/nolen.pl\/en\/wp-json\/wp\/v2\/pages\/18067","targetHints":{"allow":["GET"]}}],"collection":[{"href":"https:\/\/nolen.pl\/en\/wp-json\/wp\/v2\/pages"}],"about":[{"href":"https:\/\/nolen.pl\/en\/wp-json\/wp\/v2\/types\/page"}],"author":[{"embeddable":true,"href":"https:\/\/nolen.pl\/en\/wp-json\/wp\/v2\/users\/1"}],"replies":[{"embeddable":true,"href":"https:\/\/nolen.pl\/en\/wp-json\/wp\/v2\/comments?post=18067"}],"version-history":[{"count":2,"href":"https:\/\/nolen.pl\/en\/wp-json\/wp\/v2\/pages\/18067\/revisions"}],"predecessor-version":[{"id":18235,"href":"https:\/\/nolen.pl\/en\/wp-json\/wp\/v2\/pages\/18067\/revisions\/18235"}],"wp:attachment":[{"href":"https:\/\/nolen.pl\/en\/wp-json\/wp\/v2\/media?parent=18067"}],"curies":[{"name":"wp","href":"https:\/\/api.w.org\/{rel}","templated":true}]}}