{"id":17917,"date":"2025-01-29T10:01:47","date_gmt":"2025-01-29T09:01:47","guid":{"rendered":"https:\/\/nolen.pl\/for-the-press\/"},"modified":"2025-11-23T13:21:12","modified_gmt":"2025-11-23T12:21:12","slug":"for-the-press","status":"publish","type":"page","link":"https:\/\/nolen.pl\/en\/for-the-press\/","title":{"rendered":"For the Press"},"content":{"rendered":"\t\t<div data-elementor-type=\"wp-page\" data-elementor-id=\"17917\" class=\"elementor elementor-17917 elementor-16270\" data-elementor-post-type=\"page\">\n\t\t\t\t        <section class=\"elementor-section elementor-top-section elementor-element elementor-element-fbc86f5 elementor-section-boxed elementor-section-height-default elementor-section-height-default pxl-row-scroll-none pxl-column-overflow-gradient-top-no pxl-column-overflow-gradient-bottom-no pxl-section-bg-none rael-particle-no\" data-id=\"fbc86f5\" data-element_type=\"section\" data-e-type=\"section\" data-settings=\"{&quot;rae_animations_entrance&quot;:&quot;none&quot;}\">\n\n                \n                <div class=\"elementor-container elementor-column-gap-default \">\n                <div class=\"elementor-column elementor-col-100 elementor-top-column elementor-element elementor-element-8b3f811 pxl-section-offset-none pxl-column-none rael-particle-no\" data-id=\"8b3f811\" data-element_type=\"column\" data-e-type=\"column\">\r\n        <div class=\"elementor-widget-wrap elementor-element-populated\">\r\n                     \r\n        \t\t<div class=\"elementor-element elementor-element-5bc301b elementor-widget elementor-widget-pxl_heading\" data-id=\"5bc301b\" data-element_type=\"widget\" data-e-type=\"widget\" data-widget_type=\"pxl_heading.default\">\n\t\t\t\t<div class=\"elementor-widget-container\">\n\t\t\t\t\t<div class=\"pxl-heading  \">\n\t<div class=\"pxl-heading--inner \">\n\t\t\t\t<h3 class=\"pxl-item--title style1 df divider-none   \" data-wow-delay=\"ms\" data-wow-duration=\"1.2s\">\n\t\tLogotype Nolen\t\t\t\t\t<span class=\"title-line\"><\/span>\n\t\t\t\t<\/h3>\n\t<\/div>\n<\/div>\n\t\t\t\t<\/div>\n\t\t\t\t<\/div>\n\t\t            <\/div>\r\n        <\/div>\r\n        \t\t\t<\/div>\n\t\t<\/section>\n\t\t        <section class=\"elementor-section elementor-top-section elementor-element elementor-element-97d4b9e elementor-section-boxed elementor-section-height-default elementor-section-height-default pxl-row-scroll-none pxl-column-overflow-gradient-top-no pxl-column-overflow-gradient-bottom-no pxl-section-bg-none rael-particle-no\" data-id=\"97d4b9e\" data-element_type=\"section\" data-e-type=\"section\" data-settings=\"{&quot;rae_animations_entrance&quot;:&quot;none&quot;}\">\n\n                \n                <div class=\"elementor-container elementor-column-gap-default \">\n                <div class=\"elementor-column elementor-col-50 elementor-top-column elementor-element elementor-element-5f25f65 pxl-section-offset-none pxl-column-none rael-particle-no\" data-id=\"5f25f65\" data-element_type=\"column\" data-e-type=\"column\">\r\n        <div class=\"elementor-widget-wrap elementor-element-populated\">\r\n                     \r\n        \t\t<div class=\"elementor-element elementor-element-dcc493c elementor-widget elementor-widget-image\" data-id=\"dcc493c\" data-element_type=\"widget\" data-e-type=\"widget\" data-widget_type=\"image.default\">\n\t\t\t\t<div class=\"elementor-widget-container\">\n\t\t\t\t\t\t\t\t\t\t\t\t\t\t\t\t<a href=\"http:\/\/nolen.pl\/wp-content\/uploads\/2025\/01\/kolor-cmyk.pdf\">\n\t\t\t\t\t\t\t<img fetchpriority=\"high\" decoding=\"async\" width=\"500\" height=\"165\" src=\"https:\/\/nolen.pl\/wp-content\/uploads\/2025\/01\/logo_nolen_granatowe_500px.webp\" class=\"attachment-large size-large wp-image-17929\" alt=\"logo_nolen_navy_500px\" srcset=\"https:\/\/nolen.pl\/wp-content\/uploads\/2025\/01\/logo_nolen_granatowe_500px.webp 500w, https:\/\/nolen.pl\/wp-content\/uploads\/2025\/01\/logo_nolen_granatowe_500px-300x99.webp 300w\" sizes=\"(max-width: 500px) 100vw, 500px\" \/>\t\t\t\t\t\t\t\t<\/a>\n\t\t\t\t\t\t\t\t\t\t\t\t\t\t\t<\/div>\n\t\t\t\t<\/div>\n\t\t            <\/div>\r\n        <\/div>\r\n                <div class=\"elementor-column elementor-col-50 elementor-top-column elementor-element elementor-element-a240eed pxl-section-offset-none pxl-column-none rael-particle-no\" data-id=\"a240eed\" data-element_type=\"column\" data-e-type=\"column\">\r\n        <div class=\"elementor-widget-wrap elementor-element-populated\">\r\n                     \r\n        \t\t<div class=\"elementor-element elementor-element-18c0993 elementor-widget elementor-widget-text-editor\" data-id=\"18c0993\" data-element_type=\"widget\" data-e-type=\"widget\" data-widget_type=\"text-editor.default\">\n\t\t\t\t<div class=\"elementor-widget-container\">\n\t\t\t\t\t\t\t\t\t<p>Color version for print &#8211; CMYK<\/p>\t\t\t\t\t\t\t\t<\/div>\n\t\t\t\t<\/div>\n\t\t            <\/div>\r\n        <\/div>\r\n        \t\t\t<\/div>\n\t\t<\/section>\n\t\t        <section class=\"elementor-section elementor-top-section elementor-element elementor-element-740d3e1 elementor-section-boxed elementor-section-height-default elementor-section-height-default pxl-row-scroll-none pxl-column-overflow-gradient-top-no pxl-column-overflow-gradient-bottom-no pxl-section-bg-none rael-particle-no\" data-id=\"740d3e1\" data-element_type=\"section\" data-e-type=\"section\" data-settings=\"{&quot;rae_animations_entrance&quot;:&quot;none&quot;}\">\n\n                \n                <div class=\"elementor-container elementor-column-gap-default \">\n                <div class=\"elementor-column elementor-col-50 elementor-top-column elementor-element elementor-element-93f8056 pxl-section-offset-none pxl-column-none rael-particle-no\" data-id=\"93f8056\" data-element_type=\"column\" data-e-type=\"column\">\r\n        <div class=\"elementor-widget-wrap elementor-element-populated\">\r\n                     \r\n        \t\t<div class=\"elementor-element elementor-element-3eeeffb elementor-widget elementor-widget-image\" data-id=\"3eeeffb\" data-element_type=\"widget\" data-e-type=\"widget\" data-widget_type=\"image.default\">\n\t\t\t\t<div class=\"elementor-widget-container\">\n\t\t\t\t\t\t\t\t\t\t\t\t\t\t\t\t<a href=\"http:\/\/nolen.pl\/wp-content\/uploads\/2025\/01\/kolor-rgb.pdf\">\n\t\t\t\t\t\t\t<img fetchpriority=\"high\" decoding=\"async\" width=\"500\" height=\"165\" src=\"https:\/\/nolen.pl\/wp-content\/uploads\/2025\/01\/logo_nolen_granatowe_500px.webp\" class=\"attachment-large size-large wp-image-17929\" alt=\"logo_nolen_navy_500px\" srcset=\"https:\/\/nolen.pl\/wp-content\/uploads\/2025\/01\/logo_nolen_granatowe_500px.webp 500w, https:\/\/nolen.pl\/wp-content\/uploads\/2025\/01\/logo_nolen_granatowe_500px-300x99.webp 300w\" sizes=\"(max-width: 500px) 100vw, 500px\" \/>\t\t\t\t\t\t\t\t<\/a>\n\t\t\t\t\t\t\t\t\t\t\t\t\t\t\t<\/div>\n\t\t\t\t<\/div>\n\t\t            <\/div>\r\n        <\/div>\r\n                <div class=\"elementor-column elementor-col-50 elementor-top-column elementor-element elementor-element-870d6e5 pxl-section-offset-none pxl-column-none rael-particle-no\" data-id=\"870d6e5\" data-element_type=\"column\" data-e-type=\"column\">\r\n        <div class=\"elementor-widget-wrap elementor-element-populated\">\r\n                     \r\n        \t\t<div class=\"elementor-element elementor-element-8881586 elementor-widget elementor-widget-text-editor\" data-id=\"8881586\" data-element_type=\"widget\" data-e-type=\"widget\" data-widget_type=\"text-editor.default\">\n\t\t\t\t<div class=\"elementor-widget-container\">\n\t\t\t\t\t\t\t\t\t<p>White version for web &#8211; RGB<\/p>\t\t\t\t\t\t\t\t<\/div>\n\t\t\t\t<\/div>\n\t\t            <\/div>\r\n        <\/div>\r\n        \t\t\t<\/div>\n\t\t<\/section>\n\t\t        <section class=\"elementor-section elementor-top-section elementor-element elementor-element-745f53d elementor-section-boxed elementor-section-height-default elementor-section-height-default pxl-row-scroll-none pxl-column-overflow-gradient-top-no pxl-column-overflow-gradient-bottom-no pxl-section-bg-none rael-particle-no\" data-id=\"745f53d\" data-element_type=\"section\" data-e-type=\"section\" data-settings=\"{&quot;rae_animations_entrance&quot;:&quot;none&quot;}\">\n\n                \n                <div class=\"elementor-container elementor-column-gap-default \">\n                <div class=\"elementor-column elementor-col-50 elementor-top-column elementor-element elementor-element-d6f5640 pxl-section-offset-none pxl-column-none rael-particle-no\" data-id=\"d6f5640\" data-element_type=\"column\" data-e-type=\"column\">\r\n        <div class=\"elementor-widget-wrap elementor-element-populated\">\r\n                     \r\n        \t\t<div class=\"elementor-element elementor-element-76681fa elementor-widget elementor-widget-image\" data-id=\"76681fa\" data-element_type=\"widget\" data-e-type=\"widget\" data-widget_type=\"image.default\">\n\t\t\t\t<div class=\"elementor-widget-container\">\n\t\t\t\t\t\t\t\t\t\t\t\t\t\t\t\t<a href=\"http:\/\/nolen.pl\/wp-content\/uploads\/2025\/01\/bialy-cmyk.pdf\">\n\t\t\t\t\t\t\t<img decoding=\"async\" width=\"500\" height=\"165\" src=\"https:\/\/nolen.pl\/wp-content\/uploads\/2025\/01\/logo_nolen_biale_500px.webp\" class=\"attachment-large size-large wp-image-17930\" alt=\"logo_nolen_white_500px\" srcset=\"https:\/\/nolen.pl\/wp-content\/uploads\/2025\/01\/logo_nolen_biale_500px.webp 500w, https:\/\/nolen.pl\/wp-content\/uploads\/2025\/01\/logo_nolen_biale_500px-300x99.webp 300w\" sizes=\"(max-width: 500px) 100vw, 500px\" \/>\t\t\t\t\t\t\t\t<\/a>\n\t\t\t\t\t\t\t\t\t\t\t\t\t\t\t<\/div>\n\t\t\t\t<\/div>\n\t\t            <\/div>\r\n        <\/div>\r\n                <div class=\"elementor-column elementor-col-50 elementor-top-column elementor-element elementor-element-3e75613 pxl-section-offset-none pxl-column-none rael-particle-no\" data-id=\"3e75613\" data-element_type=\"column\" data-e-type=\"column\">\r\n        <div class=\"elementor-widget-wrap elementor-element-populated\">\r\n                     \r\n        \t\t<div class=\"elementor-element elementor-element-5507e03 elementor-widget elementor-widget-text-editor\" data-id=\"5507e03\" data-element_type=\"widget\" data-e-type=\"widget\" data-widget_type=\"text-editor.default\">\n\t\t\t\t<div class=\"elementor-widget-container\">\n\t\t\t\t\t\t\t\t\t<p>White version for print CMYK &#8211; pdf<\/p>\t\t\t\t\t\t\t\t<\/div>\n\t\t\t\t<\/div>\n\t\t            <\/div>\r\n        <\/div>\r\n        \t\t\t<\/div>\n\t\t<\/section>\n\t\t        <section class=\"elementor-section elementor-top-section elementor-element elementor-element-23590a3 elementor-section-boxed elementor-section-height-default elementor-section-height-default pxl-row-scroll-none pxl-column-overflow-gradient-top-no pxl-column-overflow-gradient-bottom-no pxl-section-bg-none rael-particle-no\" data-id=\"23590a3\" data-element_type=\"section\" data-e-type=\"section\" data-settings=\"{&quot;rae_animations_entrance&quot;:&quot;none&quot;}\">\n\n                \n                <div class=\"elementor-container elementor-column-gap-default \">\n                <div class=\"elementor-column elementor-col-50 elementor-top-column elementor-element elementor-element-b88a97e pxl-section-offset-none pxl-column-none rael-particle-no\" data-id=\"b88a97e\" data-element_type=\"column\" data-e-type=\"column\">\r\n        <div class=\"elementor-widget-wrap elementor-element-populated\">\r\n                     \r\n        \t\t<div class=\"elementor-element elementor-element-d8beb88 elementor-widget elementor-widget-image\" data-id=\"d8beb88\" data-element_type=\"widget\" data-e-type=\"widget\" data-widget_type=\"image.default\">\n\t\t\t\t<div class=\"elementor-widget-container\">\n\t\t\t\t\t\t\t\t\t\t\t\t\t\t\t\t<a href=\"http:\/\/nolen.pl\/wp-content\/uploads\/2025\/01\/bialy-rgb.pdf\">\n\t\t\t\t\t\t\t<img decoding=\"async\" width=\"500\" height=\"165\" src=\"https:\/\/nolen.pl\/wp-content\/uploads\/2025\/01\/logo_nolen_biale_500px.webp\" class=\"attachment-large size-large wp-image-17930\" alt=\"logo_nolen_white_500px\" srcset=\"https:\/\/nolen.pl\/wp-content\/uploads\/2025\/01\/logo_nolen_biale_500px.webp 500w, https:\/\/nolen.pl\/wp-content\/uploads\/2025\/01\/logo_nolen_biale_500px-300x99.webp 300w\" sizes=\"(max-width: 500px) 100vw, 500px\" \/>\t\t\t\t\t\t\t\t<\/a>\n\t\t\t\t\t\t\t\t\t\t\t\t\t\t\t<\/div>\n\t\t\t\t<\/div>\n\t\t            <\/div>\r\n        <\/div>\r\n                <div class=\"elementor-column elementor-col-50 elementor-top-column elementor-element elementor-element-0996b8d pxl-section-offset-none pxl-column-none rael-particle-no\" data-id=\"0996b8d\" data-element_type=\"column\" data-e-type=\"column\">\r\n        <div class=\"elementor-widget-wrap elementor-element-populated\">\r\n                     \r\n        \t\t<div class=\"elementor-element elementor-element-c4b0402 elementor-widget elementor-widget-text-editor\" data-id=\"c4b0402\" data-element_type=\"widget\" data-e-type=\"widget\" data-widget_type=\"text-editor.default\">\n\t\t\t\t<div class=\"elementor-widget-container\">\n\t\t\t\t\t\t\t\t\t<p>White version for web RGB &#8211; pdf<\/p>\t\t\t\t\t\t\t\t<\/div>\n\t\t\t\t<\/div>\n\t\t            <\/div>\r\n        <\/div>\r\n        \t\t\t<\/div>\n\t\t<\/section>\n\t\t\t\t<\/div>\n\t\t","protected":false},"excerpt":{"rendered":"<p>Logotype Nolen Color version for print &#8211; CMYK White version for web &#8211; RGB White version for print CMYK &#8211; pdf White version for web RGB &#8211; pdf<\/p>\n","protected":false},"author":1,"featured_media":0,"parent":0,"menu_order":0,"comment_status":"closed","ping_status":"closed","template":"","meta":{"footnotes":""},"class_list":["post-17917","page","type-page","status-publish","hentry"],"yoast_head":"<!-- This site is optimized with the Yoast SEO plugin v27.3 - https:\/\/yoast.com\/product\/yoast-seo-wordpress\/ -->\n<title>For the Press - Nolen - przydomowe oczyszczalnie \u015bciek\u00f3w, zbiorniki na paliwo, AdBlue, RSM<\/title>\n<meta name=\"robots\" content=\"index, follow, max-snippet:-1, max-image-preview:large, max-video-preview:-1\" \/>\n<link rel=\"canonical\" href=\"https:\/\/nolen.pl\/en\/for-the-press\/\" \/>\n<meta property=\"og:locale\" content=\"en_US\" \/>\n<meta property=\"og:type\" content=\"article\" \/>\n<meta property=\"og:title\" content=\"For the Press - Nolen - przydomowe oczyszczalnie \u015bciek\u00f3w, zbiorniki na paliwo, AdBlue, RSM\" \/>\n<meta property=\"og:description\" content=\"Logotype Nolen Color version for print &#8211; CMYK White version for web &#8211; RGB White version for print CMYK &#8211; pdf White version for web RGB &#8211; pdf\" \/>\n<meta property=\"og:url\" content=\"https:\/\/nolen.pl\/en\/for-the-press\/\" \/>\n<meta property=\"og:site_name\" content=\"Nolen - przydomowe oczyszczalnie \u015bciek\u00f3w, zbiorniki na paliwo, AdBlue, RSM\" \/>\n<meta property=\"article:publisher\" content=\"https:\/\/www.facebook.com\/NolenStaszow\" \/>\n<meta property=\"article:modified_time\" content=\"2025-11-23T12:21:12+00:00\" \/>\n<meta property=\"og:image\" content=\"https:\/\/nolen.pl\/wp-content\/uploads\/2025\/01\/logo_nolen_granatowe_500px.webp\" \/>\n<meta name=\"twitter:card\" content=\"summary_large_image\" \/>\n<meta name=\"twitter:label1\" content=\"Est. reading time\" \/>\n\t<meta name=\"twitter:data1\" content=\"1 minute\" \/>\n<script type=\"application\/ld+json\" class=\"yoast-schema-graph\">{\"@context\":\"https:\\\/\\\/schema.org\",\"@graph\":[{\"@type\":\"WebPage\",\"@id\":\"https:\\\/\\\/nolen.pl\\\/en\\\/for-the-press\\\/\",\"url\":\"https:\\\/\\\/nolen.pl\\\/en\\\/for-the-press\\\/\",\"name\":\"For the Press - Nolen - przydomowe oczyszczalnie \u015bciek\u00f3w, zbiorniki na paliwo, AdBlue, RSM\",\"isPartOf\":{\"@id\":\"https:\\\/\\\/nolen.pl\\\/en\\\/#website\"},\"primaryImageOfPage\":{\"@id\":\"https:\\\/\\\/nolen.pl\\\/en\\\/for-the-press\\\/#primaryimage\"},\"image\":{\"@id\":\"https:\\\/\\\/nolen.pl\\\/en\\\/for-the-press\\\/#primaryimage\"},\"thumbnailUrl\":\"https:\\\/\\\/nolen.pl\\\/wp-content\\\/uploads\\\/2025\\\/01\\\/logo_nolen_granatowe_500px.webp\",\"datePublished\":\"2025-01-29T09:01:47+00:00\",\"dateModified\":\"2025-11-23T12:21:12+00:00\",\"breadcrumb\":{\"@id\":\"https:\\\/\\\/nolen.pl\\\/en\\\/for-the-press\\\/#breadcrumb\"},\"inLanguage\":\"en-US\",\"potentialAction\":[{\"@type\":\"ReadAction\",\"target\":[\"https:\\\/\\\/nolen.pl\\\/en\\\/for-the-press\\\/\"]}]},{\"@type\":\"ImageObject\",\"inLanguage\":\"en-US\",\"@id\":\"https:\\\/\\\/nolen.pl\\\/en\\\/for-the-press\\\/#primaryimage\",\"url\":\"https:\\\/\\\/nolen.pl\\\/wp-content\\\/uploads\\\/2025\\\/01\\\/logo_nolen_granatowe_500px.webp\",\"contentUrl\":\"https:\\\/\\\/nolen.pl\\\/wp-content\\\/uploads\\\/2025\\\/01\\\/logo_nolen_granatowe_500px.webp\"},{\"@type\":\"BreadcrumbList\",\"@id\":\"https:\\\/\\\/nolen.pl\\\/en\\\/for-the-press\\\/#breadcrumb\",\"itemListElement\":[{\"@type\":\"ListItem\",\"position\":1,\"name\":\"Strona g\u0142\u00f3wna\",\"item\":\"https:\\\/\\\/nolen.pl\\\/en\\\/\"},{\"@type\":\"ListItem\",\"position\":2,\"name\":\"For the Press\"}]},{\"@type\":\"WebSite\",\"@id\":\"https:\\\/\\\/nolen.pl\\\/en\\\/#website\",\"url\":\"https:\\\/\\\/nolen.pl\\\/en\\\/\",\"name\":\"Nolen - przydomowe oczyszczalnie \u015bciek\u00f3w, zbiorniki na paliwo, AdBlue, RSM\",\"description\":\"Producent zbiornik\u00f3w do paliw, nawoz\u00f3w p\u0142ynnych, azotowych, AdBlue, wody.\",\"publisher\":{\"@id\":\"https:\\\/\\\/nolen.pl\\\/en\\\/#organization\"},\"potentialAction\":[{\"@type\":\"SearchAction\",\"target\":{\"@type\":\"EntryPoint\",\"urlTemplate\":\"https:\\\/\\\/nolen.pl\\\/en\\\/?s={search_term_string}\"},\"query-input\":{\"@type\":\"PropertyValueSpecification\",\"valueRequired\":true,\"valueName\":\"search_term_string\"}}],\"inLanguage\":\"en-US\"},{\"@type\":\"Organization\",\"@id\":\"https:\\\/\\\/nolen.pl\\\/en\\\/#organization\",\"name\":\"Producent zbiornik\u00f3w do paliw, nawoz\u00f3w p\u0142ynnych, azotowych, AdBlue, wody.\",\"url\":\"https:\\\/\\\/nolen.pl\\\/en\\\/\",\"logo\":{\"@type\":\"ImageObject\",\"inLanguage\":\"en-US\",\"@id\":\"https:\\\/\\\/nolen.pl\\\/en\\\/#\\\/schema\\\/logo\\\/image\\\/\",\"url\":\"https:\\\/\\\/nolen.pl\\\/wp-content\\\/uploads\\\/2025\\\/01\\\/logo_nolen_granatowe_500px.webp\",\"contentUrl\":\"https:\\\/\\\/nolen.pl\\\/wp-content\\\/uploads\\\/2025\\\/01\\\/logo_nolen_granatowe_500px.webp\",\"width\":500,\"height\":165,\"caption\":\"Producent zbiornik\u00f3w do paliw, nawoz\u00f3w p\u0142ynnych, azotowych, AdBlue, wody.\"},\"image\":{\"@id\":\"https:\\\/\\\/nolen.pl\\\/en\\\/#\\\/schema\\\/logo\\\/image\\\/\"},\"sameAs\":[\"https:\\\/\\\/www.facebook.com\\\/NolenStaszow\"]}]}<\/script>\n<!-- \/ Yoast SEO plugin. -->","yoast_head_json":{"title":"For the Press - Nolen - przydomowe oczyszczalnie \u015bciek\u00f3w, zbiorniki na paliwo, AdBlue, RSM","robots":{"index":"index","follow":"follow","max-snippet":"max-snippet:-1","max-image-preview":"max-image-preview:large","max-video-preview":"max-video-preview:-1"},"canonical":"https:\/\/nolen.pl\/en\/for-the-press\/","og_locale":"en_US","og_type":"article","og_title":"For the Press - Nolen - przydomowe oczyszczalnie \u015bciek\u00f3w, zbiorniki na paliwo, AdBlue, RSM","og_description":"Logotype Nolen Color version for print &#8211; CMYK White version for web &#8211; RGB White version for print CMYK &#8211; pdf White version for web RGB &#8211; pdf","og_url":"https:\/\/nolen.pl\/en\/for-the-press\/","og_site_name":"Nolen - przydomowe oczyszczalnie \u015bciek\u00f3w, zbiorniki na paliwo, AdBlue, RSM","article_publisher":"https:\/\/www.facebook.com\/NolenStaszow","article_modified_time":"2025-11-23T12:21:12+00:00","og_image":[{"url":"https:\/\/nolen.pl\/wp-content\/uploads\/2025\/01\/logo_nolen_granatowe_500px.webp","type":"","width":"","height":""}],"twitter_card":"summary_large_image","twitter_misc":{"Est. reading time":"1 minute"},"schema":{"@context":"https:\/\/schema.org","@graph":[{"@type":"WebPage","@id":"https:\/\/nolen.pl\/en\/for-the-press\/","url":"https:\/\/nolen.pl\/en\/for-the-press\/","name":"For the Press - Nolen - przydomowe oczyszczalnie \u015bciek\u00f3w, zbiorniki na paliwo, AdBlue, RSM","isPartOf":{"@id":"https:\/\/nolen.pl\/en\/#website"},"primaryImageOfPage":{"@id":"https:\/\/nolen.pl\/en\/for-the-press\/#primaryimage"},"image":{"@id":"https:\/\/nolen.pl\/en\/for-the-press\/#primaryimage"},"thumbnailUrl":"https:\/\/nolen.pl\/wp-content\/uploads\/2025\/01\/logo_nolen_granatowe_500px.webp","datePublished":"2025-01-29T09:01:47+00:00","dateModified":"2025-11-23T12:21:12+00:00","breadcrumb":{"@id":"https:\/\/nolen.pl\/en\/for-the-press\/#breadcrumb"},"inLanguage":"en-US","potentialAction":[{"@type":"ReadAction","target":["https:\/\/nolen.pl\/en\/for-the-press\/"]}]},{"@type":"ImageObject","inLanguage":"en-US","@id":"https:\/\/nolen.pl\/en\/for-the-press\/#primaryimage","url":"https:\/\/nolen.pl\/wp-content\/uploads\/2025\/01\/logo_nolen_granatowe_500px.webp","contentUrl":"https:\/\/nolen.pl\/wp-content\/uploads\/2025\/01\/logo_nolen_granatowe_500px.webp"},{"@type":"BreadcrumbList","@id":"https:\/\/nolen.pl\/en\/for-the-press\/#breadcrumb","itemListElement":[{"@type":"ListItem","position":1,"name":"Strona g\u0142\u00f3wna","item":"https:\/\/nolen.pl\/en\/"},{"@type":"ListItem","position":2,"name":"For the Press"}]},{"@type":"WebSite","@id":"https:\/\/nolen.pl\/en\/#website","url":"https:\/\/nolen.pl\/en\/","name":"Nolen - przydomowe oczyszczalnie \u015bciek\u00f3w, zbiorniki na paliwo, AdBlue, RSM","description":"Producent zbiornik\u00f3w do paliw, nawoz\u00f3w p\u0142ynnych, azotowych, AdBlue, wody.","publisher":{"@id":"https:\/\/nolen.pl\/en\/#organization"},"potentialAction":[{"@type":"SearchAction","target":{"@type":"EntryPoint","urlTemplate":"https:\/\/nolen.pl\/en\/?s={search_term_string}"},"query-input":{"@type":"PropertyValueSpecification","valueRequired":true,"valueName":"search_term_string"}}],"inLanguage":"en-US"},{"@type":"Organization","@id":"https:\/\/nolen.pl\/en\/#organization","name":"Producent zbiornik\u00f3w do paliw, nawoz\u00f3w p\u0142ynnych, azotowych, AdBlue, wody.","url":"https:\/\/nolen.pl\/en\/","logo":{"@type":"ImageObject","inLanguage":"en-US","@id":"https:\/\/nolen.pl\/en\/#\/schema\/logo\/image\/","url":"https:\/\/nolen.pl\/wp-content\/uploads\/2025\/01\/logo_nolen_granatowe_500px.webp","contentUrl":"https:\/\/nolen.pl\/wp-content\/uploads\/2025\/01\/logo_nolen_granatowe_500px.webp","width":500,"height":165,"caption":"Producent zbiornik\u00f3w do paliw, nawoz\u00f3w p\u0142ynnych, azotowych, AdBlue, wody."},"image":{"@id":"https:\/\/nolen.pl\/en\/#\/schema\/logo\/image\/"},"sameAs":["https:\/\/www.facebook.com\/NolenStaszow"]}]}},"_links":{"self":[{"href":"https:\/\/nolen.pl\/en\/wp-json\/wp\/v2\/pages\/17917","targetHints":{"allow":["GET"]}}],"collection":[{"href":"https:\/\/nolen.pl\/en\/wp-json\/wp\/v2\/pages"}],"about":[{"href":"https:\/\/nolen.pl\/en\/wp-json\/wp\/v2\/types\/page"}],"author":[{"embeddable":true,"href":"https:\/\/nolen.pl\/en\/wp-json\/wp\/v2\/users\/1"}],"replies":[{"embeddable":true,"href":"https:\/\/nolen.pl\/en\/wp-json\/wp\/v2\/comments?post=17917"}],"version-history":[{"count":6,"href":"https:\/\/nolen.pl\/en\/wp-json\/wp\/v2\/pages\/17917\/revisions"}],"predecessor-version":[{"id":18819,"href":"https:\/\/nolen.pl\/en\/wp-json\/wp\/v2\/pages\/17917\/revisions\/18819"}],"wp:attachment":[{"href":"https:\/\/nolen.pl\/en\/wp-json\/wp\/v2\/media?parent=17917"}],"curies":[{"name":"wp","href":"https:\/\/api.w.org\/{rel}","templated":true}]}}