{"id":17873,"date":"2025-01-29T11:23:58","date_gmt":"2025-01-29T10:23:58","guid":{"rendered":"https:\/\/nolen.pl\/files-to-download\/"},"modified":"2025-11-23T13:18:41","modified_gmt":"2025-11-23T12:18:41","slug":"files-to-download","status":"publish","type":"page","link":"https:\/\/nolen.pl\/en\/files-to-download\/","title":{"rendered":"Files to Download"},"content":{"rendered":"\t\t<div data-elementor-type=\"wp-page\" data-elementor-id=\"17873\" class=\"elementor elementor-17873 elementor-16310\" data-elementor-post-type=\"page\">\n\t\t\t\t        <section class=\"elementor-section elementor-top-section elementor-element elementor-element-fbc86f5 elementor-section-boxed elementor-section-height-default elementor-section-height-default pxl-row-scroll-none pxl-column-overflow-gradient-top-no pxl-column-overflow-gradient-bottom-no pxl-section-bg-none rael-particle-no\" data-id=\"fbc86f5\" data-element_type=\"section\" data-e-type=\"section\" data-settings=\"{&quot;rae_animations_entrance&quot;:&quot;none&quot;}\">\n\n                \n                <div class=\"elementor-container elementor-column-gap-default \">\n                <div class=\"elementor-column elementor-col-100 elementor-top-column elementor-element elementor-element-8b3f811 pxl-section-offset-none pxl-column-none rael-particle-no\" data-id=\"8b3f811\" data-element_type=\"column\" data-e-type=\"column\">\r\n        <div class=\"elementor-widget-wrap elementor-element-populated\">\r\n                     \r\n        \t\t<div class=\"elementor-element elementor-element-5bc301b elementor-widget elementor-widget-pxl_heading\" data-id=\"5bc301b\" data-element_type=\"widget\" data-e-type=\"widget\" data-widget_type=\"pxl_heading.default\">\n\t\t\t\t<div class=\"elementor-widget-container\">\n\t\t\t\t\t<div class=\"pxl-heading  \">\n\t<div class=\"pxl-heading--inner \">\n\t\t\t\t<h3 class=\"pxl-item--title style1 df divider-none   \" data-wow-delay=\"ms\" data-wow-duration=\"1.2s\">\n\t\tWallpaper Nolen\t\t\t\t\t<span class=\"title-line\"><\/span>\n\t\t\t\t<\/h3>\n\t<\/div>\n<\/div>\n\t\t\t\t<\/div>\n\t\t\t\t<\/div>\n\t\t            <\/div>\r\n        <\/div>\r\n        \t\t\t<\/div>\n\t\t<\/section>\n\t\t        <section class=\"elementor-section elementor-top-section elementor-element elementor-element-97d4b9e elementor-section-boxed elementor-section-height-default elementor-section-height-default pxl-row-scroll-none pxl-column-overflow-gradient-top-no pxl-column-overflow-gradient-bottom-no pxl-section-bg-none rael-particle-no\" data-id=\"97d4b9e\" data-element_type=\"section\" data-e-type=\"section\" data-settings=\"{&quot;rae_animations_entrance&quot;:&quot;none&quot;}\">\n\n                \n                <div class=\"elementor-container elementor-column-gap-default \">\n                <div class=\"elementor-column elementor-col-50 elementor-top-column elementor-element elementor-element-5f25f65 pxl-section-offset-none pxl-column-none rael-particle-no\" data-id=\"5f25f65\" data-element_type=\"column\" data-e-type=\"column\">\r\n        <div class=\"elementor-widget-wrap elementor-element-populated\">\r\n                     \r\n        \t\t<div class=\"elementor-element elementor-element-dcc493c elementor-widget elementor-widget-image\" data-id=\"dcc493c\" data-element_type=\"widget\" data-e-type=\"widget\" data-widget_type=\"image.default\">\n\t\t\t\t<div class=\"elementor-widget-container\">\n\t\t\t\t\t\t\t\t\t\t\t\t\t\t\t\t<a href=\"http:\/\/nolen.pl\/wp-content\/uploads\/2025\/01\/tapeta-na-pulpit-Nolen-1920x1080px-4k.jpg\" data-elementor-open-lightbox=\"yes\" data-e-action-hash=\"#elementor-action%3Aaction%3Dlightbox%26settings%3DeyJpZCI6MTc4ODQsInVybCI6Imh0dHBzOlwvXC9ub2xlbi5wbFwvd3AtY29udGVudFwvdXBsb2Fkc1wvMjAyNVwvMDFcL3RhcGV0YS1uYS1wdWxwaXQtTm9sZW4tMTkyMHgxMDgwcHgtNGsuanBnIn0%3D\">\n\t\t\t\t\t\t\t<img fetchpriority=\"high\" decoding=\"async\" width=\"1024\" height=\"559\" src=\"https:\/\/nolen.pl\/wp-content\/uploads\/2025\/01\/tapeta-na-pulpit-Nolen-1920x1080px-4k-1024x559.jpg\" class=\"attachment-large size-large wp-image-17884\" alt=\"nolen-desktop-wallpaper-1920x1080px-4k\" srcset=\"https:\/\/nolen.pl\/wp-content\/uploads\/2025\/01\/tapeta-na-pulpit-Nolen-1920x1080px-4k-1024x559.jpg 1024w, https:\/\/nolen.pl\/wp-content\/uploads\/2025\/01\/tapeta-na-pulpit-Nolen-1920x1080px-4k-300x164.jpg 300w, https:\/\/nolen.pl\/wp-content\/uploads\/2025\/01\/tapeta-na-pulpit-Nolen-1920x1080px-4k-768x419.jpg 768w, https:\/\/nolen.pl\/wp-content\/uploads\/2025\/01\/tapeta-na-pulpit-Nolen-1920x1080px-4k-1536x838.jpg 1536w, https:\/\/nolen.pl\/wp-content\/uploads\/2025\/01\/tapeta-na-pulpit-Nolen-1920x1080px-4k-1170x638.jpg 1170w, https:\/\/nolen.pl\/wp-content\/uploads\/2025\/01\/tapeta-na-pulpit-Nolen-1920x1080px-4k.jpg 1980w\" sizes=\"(max-width: 1024px) 100vw, 1024px\" \/>\t\t\t\t\t\t\t\t<\/a>\n\t\t\t\t\t\t\t\t\t\t\t\t\t\t\t<\/div>\n\t\t\t\t<\/div>\n\t\t            <\/div>\r\n        <\/div>\r\n                <div class=\"elementor-column elementor-col-50 elementor-top-column elementor-element elementor-element-a240eed pxl-section-offset-none pxl-column-none rael-particle-no\" data-id=\"a240eed\" data-element_type=\"column\" data-e-type=\"column\">\r\n        <div class=\"elementor-widget-wrap elementor-element-populated\">\r\n                     \r\n        \t\t<div class=\"elementor-element elementor-element-18c0993 elementor-widget elementor-widget-text-editor\" data-id=\"18c0993\" data-element_type=\"widget\" data-e-type=\"widget\" data-widget_type=\"text-editor.default\">\n\t\t\t\t<div class=\"elementor-widget-container\">\n\t\t\t\t\t\t\t\t\t<p>Nolen desktop wallpaper 1920&#215;1080 4k &#8211; <a href=\"https:\/\/nolen.pl\/wp-content\/uploads\/2025\/01\/tapeta-na-pulpit-Nolen-1920x1080px-4k.jpg\" target=\"_blank\" rel=\"noopener\">download<\/a><\/p>\t\t\t\t\t\t\t\t<\/div>\n\t\t\t\t<\/div>\n\t\t            <\/div>\r\n        <\/div>\r\n        \t\t\t<\/div>\n\t\t<\/section>\n\t\t        <section class=\"elementor-section elementor-top-section elementor-element elementor-element-c692d71 elementor-section-boxed elementor-section-height-default elementor-section-height-default pxl-row-scroll-none pxl-column-overflow-gradient-top-no pxl-column-overflow-gradient-bottom-no pxl-section-bg-none rael-particle-no\" data-id=\"c692d71\" data-element_type=\"section\" data-e-type=\"section\" data-settings=\"{&quot;rae_animations_entrance&quot;:&quot;none&quot;}\">\n\n                \n                <div class=\"elementor-container elementor-column-gap-default \">\n                <div class=\"elementor-column elementor-col-50 elementor-top-column elementor-element elementor-element-c156915 pxl-section-offset-none pxl-column-none rael-particle-no\" data-id=\"c156915\" data-element_type=\"column\" data-e-type=\"column\">\r\n        <div class=\"elementor-widget-wrap elementor-element-populated\">\r\n                     \r\n        \t\t<div class=\"elementor-element elementor-element-73996ee elementor-widget elementor-widget-image\" data-id=\"73996ee\" data-element_type=\"widget\" data-e-type=\"widget\" data-widget_type=\"image.default\">\n\t\t\t\t<div class=\"elementor-widget-container\">\n\t\t\t\t\t\t\t\t\t\t\t\t\t\t\t\t<a href=\"http:\/\/nolen.pl\/wp-content\/uploads\/2025\/01\/tapeta-na-pulpit-Nolen-1920x1080px-4k_2.jpg\" data-elementor-open-lightbox=\"yes\" data-e-action-hash=\"#elementor-action%3Aaction%3Dlightbox%26settings%3DeyJpZCI6MTc4ODMsInVybCI6Imh0dHBzOlwvXC9ub2xlbi5wbFwvd3AtY29udGVudFwvdXBsb2Fkc1wvMjAyNVwvMDFcL3RhcGV0YS1uYS1wdWxwaXQtTm9sZW4tMTkyMHgxMDgwcHgtNGtfMi5qcGcifQ%3D%3D\">\n\t\t\t\t\t\t\t<img decoding=\"async\" width=\"1024\" height=\"559\" src=\"https:\/\/nolen.pl\/wp-content\/uploads\/2025\/01\/tapeta-na-pulpit-Nolen-1920x1080px-4k_2-1024x559.jpg\" class=\"attachment-large size-large wp-image-17883\" alt=\"nolen-desktop-wallpaper-1920x1080px-4k_2\" srcset=\"https:\/\/nolen.pl\/wp-content\/uploads\/2025\/01\/tapeta-na-pulpit-Nolen-1920x1080px-4k_2-1024x559.jpg 1024w, https:\/\/nolen.pl\/wp-content\/uploads\/2025\/01\/tapeta-na-pulpit-Nolen-1920x1080px-4k_2-300x164.jpg 300w, https:\/\/nolen.pl\/wp-content\/uploads\/2025\/01\/tapeta-na-pulpit-Nolen-1920x1080px-4k_2-768x419.jpg 768w, https:\/\/nolen.pl\/wp-content\/uploads\/2025\/01\/tapeta-na-pulpit-Nolen-1920x1080px-4k_2-1536x838.jpg 1536w, https:\/\/nolen.pl\/wp-content\/uploads\/2025\/01\/tapeta-na-pulpit-Nolen-1920x1080px-4k_2-1170x638.jpg 1170w, https:\/\/nolen.pl\/wp-content\/uploads\/2025\/01\/tapeta-na-pulpit-Nolen-1920x1080px-4k_2.jpg 1980w\" sizes=\"(max-width: 1024px) 100vw, 1024px\" \/>\t\t\t\t\t\t\t\t<\/a>\n\t\t\t\t\t\t\t\t\t\t\t\t\t\t\t<\/div>\n\t\t\t\t<\/div>\n\t\t            <\/div>\r\n        <\/div>\r\n                <div class=\"elementor-column elementor-col-50 elementor-top-column elementor-element elementor-element-fb80ea9 pxl-section-offset-none pxl-column-none rael-particle-no\" data-id=\"fb80ea9\" data-element_type=\"column\" data-e-type=\"column\">\r\n        <div class=\"elementor-widget-wrap elementor-element-populated\">\r\n                     \r\n        \t\t<div class=\"elementor-element elementor-element-9397283 elementor-widget elementor-widget-text-editor\" data-id=\"9397283\" data-element_type=\"widget\" data-e-type=\"widget\" data-widget_type=\"text-editor.default\">\n\t\t\t\t<div class=\"elementor-widget-container\">\n\t\t\t\t\t\t\t\t\t<p>Nolen desktop wallpaper 1920&#215;1080 4k &#8211; <a href=\"https:\/\/nolen.pl\/wp-content\/uploads\/2025\/01\/tapeta-na-pulpit-Nolen-1920x1080px-4k_2.jpg\" target=\"_blank\" rel=\"noopener\">download<\/a><\/p>\t\t\t\t\t\t\t\t<\/div>\n\t\t\t\t<\/div>\n\t\t            <\/div>\r\n        <\/div>\r\n        \t\t\t<\/div>\n\t\t<\/section>\n\t\t\t\t<\/div>\n\t\t","protected":false},"excerpt":{"rendered":"<p>Wallpaper Nolen Nolen desktop wallpaper 1920&#215;1080 4k &#8211; download Nolen desktop wallpaper 1920&#215;1080 4k &#8211; download<\/p>\n","protected":false},"author":1,"featured_media":0,"parent":0,"menu_order":0,"comment_status":"closed","ping_status":"closed","template":"","meta":{"footnotes":""},"class_list":["post-17873","page","type-page","status-publish","hentry"],"yoast_head":"<!-- This site is optimized with the Yoast SEO plugin v27.3 - https:\/\/yoast.com\/product\/yoast-seo-wordpress\/ -->\n<title>Files to Download - Nolen - przydomowe oczyszczalnie \u015bciek\u00f3w, zbiorniki na paliwo, AdBlue, RSM<\/title>\n<meta name=\"robots\" content=\"index, follow, max-snippet:-1, max-image-preview:large, max-video-preview:-1\" \/>\n<link rel=\"canonical\" href=\"https:\/\/nolen.pl\/en\/files-to-download\/\" \/>\n<meta property=\"og:locale\" content=\"en_US\" \/>\n<meta property=\"og:type\" content=\"article\" \/>\n<meta property=\"og:title\" content=\"Files to Download - Nolen - przydomowe oczyszczalnie \u015bciek\u00f3w, zbiorniki na paliwo, AdBlue, RSM\" \/>\n<meta property=\"og:description\" content=\"Wallpaper Nolen Nolen desktop wallpaper 1920&#215;1080 4k &#8211; download Nolen desktop wallpaper 1920&#215;1080 4k &#8211; download\" \/>\n<meta property=\"og:url\" content=\"https:\/\/nolen.pl\/en\/files-to-download\/\" \/>\n<meta property=\"og:site_name\" content=\"Nolen - przydomowe oczyszczalnie \u015bciek\u00f3w, zbiorniki na paliwo, AdBlue, RSM\" \/>\n<meta property=\"article:publisher\" content=\"https:\/\/www.facebook.com\/NolenStaszow\" \/>\n<meta property=\"article:modified_time\" content=\"2025-11-23T12:18:41+00:00\" \/>\n<meta property=\"og:image\" content=\"https:\/\/nolen.pl\/wp-content\/uploads\/2025\/01\/tapeta-na-pulpit-Nolen-1920x1080px-4k-1024x559.jpg\" \/>\n<meta name=\"twitter:card\" content=\"summary_large_image\" \/>\n<meta name=\"twitter:label1\" content=\"Est. reading time\" \/>\n\t<meta name=\"twitter:data1\" content=\"1 minute\" \/>\n<script type=\"application\/ld+json\" class=\"yoast-schema-graph\">{\"@context\":\"https:\\\/\\\/schema.org\",\"@graph\":[{\"@type\":\"WebPage\",\"@id\":\"https:\\\/\\\/nolen.pl\\\/en\\\/files-to-download\\\/\",\"url\":\"https:\\\/\\\/nolen.pl\\\/en\\\/files-to-download\\\/\",\"name\":\"Files to Download - Nolen - przydomowe oczyszczalnie \u015bciek\u00f3w, zbiorniki na paliwo, AdBlue, RSM\",\"isPartOf\":{\"@id\":\"https:\\\/\\\/nolen.pl\\\/en\\\/#website\"},\"primaryImageOfPage\":{\"@id\":\"https:\\\/\\\/nolen.pl\\\/en\\\/files-to-download\\\/#primaryimage\"},\"image\":{\"@id\":\"https:\\\/\\\/nolen.pl\\\/en\\\/files-to-download\\\/#primaryimage\"},\"thumbnailUrl\":\"https:\\\/\\\/nolen.pl\\\/wp-content\\\/uploads\\\/2025\\\/01\\\/tapeta-na-pulpit-Nolen-1920x1080px-4k-1024x559.jpg\",\"datePublished\":\"2025-01-29T10:23:58+00:00\",\"dateModified\":\"2025-11-23T12:18:41+00:00\",\"breadcrumb\":{\"@id\":\"https:\\\/\\\/nolen.pl\\\/en\\\/files-to-download\\\/#breadcrumb\"},\"inLanguage\":\"en-US\",\"potentialAction\":[{\"@type\":\"ReadAction\",\"target\":[\"https:\\\/\\\/nolen.pl\\\/en\\\/files-to-download\\\/\"]}]},{\"@type\":\"ImageObject\",\"inLanguage\":\"en-US\",\"@id\":\"https:\\\/\\\/nolen.pl\\\/en\\\/files-to-download\\\/#primaryimage\",\"url\":\"https:\\\/\\\/nolen.pl\\\/wp-content\\\/uploads\\\/2025\\\/01\\\/tapeta-na-pulpit-Nolen-1920x1080px-4k-1024x559.jpg\",\"contentUrl\":\"https:\\\/\\\/nolen.pl\\\/wp-content\\\/uploads\\\/2025\\\/01\\\/tapeta-na-pulpit-Nolen-1920x1080px-4k-1024x559.jpg\"},{\"@type\":\"BreadcrumbList\",\"@id\":\"https:\\\/\\\/nolen.pl\\\/en\\\/files-to-download\\\/#breadcrumb\",\"itemListElement\":[{\"@type\":\"ListItem\",\"position\":1,\"name\":\"Strona g\u0142\u00f3wna\",\"item\":\"https:\\\/\\\/nolen.pl\\\/en\\\/\"},{\"@type\":\"ListItem\",\"position\":2,\"name\":\"Files to Download\"}]},{\"@type\":\"WebSite\",\"@id\":\"https:\\\/\\\/nolen.pl\\\/en\\\/#website\",\"url\":\"https:\\\/\\\/nolen.pl\\\/en\\\/\",\"name\":\"Nolen - przydomowe oczyszczalnie \u015bciek\u00f3w, zbiorniki na paliwo, AdBlue, RSM\",\"description\":\"Producent zbiornik\u00f3w do paliw, nawoz\u00f3w p\u0142ynnych, azotowych, AdBlue, wody.\",\"publisher\":{\"@id\":\"https:\\\/\\\/nolen.pl\\\/en\\\/#organization\"},\"potentialAction\":[{\"@type\":\"SearchAction\",\"target\":{\"@type\":\"EntryPoint\",\"urlTemplate\":\"https:\\\/\\\/nolen.pl\\\/en\\\/?s={search_term_string}\"},\"query-input\":{\"@type\":\"PropertyValueSpecification\",\"valueRequired\":true,\"valueName\":\"search_term_string\"}}],\"inLanguage\":\"en-US\"},{\"@type\":\"Organization\",\"@id\":\"https:\\\/\\\/nolen.pl\\\/en\\\/#organization\",\"name\":\"Producent zbiornik\u00f3w do paliw, nawoz\u00f3w p\u0142ynnych, azotowych, AdBlue, wody.\",\"url\":\"https:\\\/\\\/nolen.pl\\\/en\\\/\",\"logo\":{\"@type\":\"ImageObject\",\"inLanguage\":\"en-US\",\"@id\":\"https:\\\/\\\/nolen.pl\\\/en\\\/#\\\/schema\\\/logo\\\/image\\\/\",\"url\":\"https:\\\/\\\/nolen.pl\\\/wp-content\\\/uploads\\\/2025\\\/01\\\/logo_nolen_granatowe_500px.webp\",\"contentUrl\":\"https:\\\/\\\/nolen.pl\\\/wp-content\\\/uploads\\\/2025\\\/01\\\/logo_nolen_granatowe_500px.webp\",\"width\":500,\"height\":165,\"caption\":\"Producent zbiornik\u00f3w do paliw, nawoz\u00f3w p\u0142ynnych, azotowych, AdBlue, wody.\"},\"image\":{\"@id\":\"https:\\\/\\\/nolen.pl\\\/en\\\/#\\\/schema\\\/logo\\\/image\\\/\"},\"sameAs\":[\"https:\\\/\\\/www.facebook.com\\\/NolenStaszow\"]}]}<\/script>\n<!-- \/ Yoast SEO plugin. -->","yoast_head_json":{"title":"Files to Download - Nolen - przydomowe oczyszczalnie \u015bciek\u00f3w, zbiorniki na paliwo, AdBlue, RSM","robots":{"index":"index","follow":"follow","max-snippet":"max-snippet:-1","max-image-preview":"max-image-preview:large","max-video-preview":"max-video-preview:-1"},"canonical":"https:\/\/nolen.pl\/en\/files-to-download\/","og_locale":"en_US","og_type":"article","og_title":"Files to Download - Nolen - przydomowe oczyszczalnie \u015bciek\u00f3w, zbiorniki na paliwo, AdBlue, RSM","og_description":"Wallpaper Nolen Nolen desktop wallpaper 1920&#215;1080 4k &#8211; download Nolen desktop wallpaper 1920&#215;1080 4k &#8211; download","og_url":"https:\/\/nolen.pl\/en\/files-to-download\/","og_site_name":"Nolen - przydomowe oczyszczalnie \u015bciek\u00f3w, zbiorniki na paliwo, AdBlue, RSM","article_publisher":"https:\/\/www.facebook.com\/NolenStaszow","article_modified_time":"2025-11-23T12:18:41+00:00","og_image":[{"url":"https:\/\/nolen.pl\/wp-content\/uploads\/2025\/01\/tapeta-na-pulpit-Nolen-1920x1080px-4k-1024x559.jpg","type":"","width":"","height":""}],"twitter_card":"summary_large_image","twitter_misc":{"Est. reading time":"1 minute"},"schema":{"@context":"https:\/\/schema.org","@graph":[{"@type":"WebPage","@id":"https:\/\/nolen.pl\/en\/files-to-download\/","url":"https:\/\/nolen.pl\/en\/files-to-download\/","name":"Files to Download - Nolen - przydomowe oczyszczalnie \u015bciek\u00f3w, zbiorniki na paliwo, AdBlue, RSM","isPartOf":{"@id":"https:\/\/nolen.pl\/en\/#website"},"primaryImageOfPage":{"@id":"https:\/\/nolen.pl\/en\/files-to-download\/#primaryimage"},"image":{"@id":"https:\/\/nolen.pl\/en\/files-to-download\/#primaryimage"},"thumbnailUrl":"https:\/\/nolen.pl\/wp-content\/uploads\/2025\/01\/tapeta-na-pulpit-Nolen-1920x1080px-4k-1024x559.jpg","datePublished":"2025-01-29T10:23:58+00:00","dateModified":"2025-11-23T12:18:41+00:00","breadcrumb":{"@id":"https:\/\/nolen.pl\/en\/files-to-download\/#breadcrumb"},"inLanguage":"en-US","potentialAction":[{"@type":"ReadAction","target":["https:\/\/nolen.pl\/en\/files-to-download\/"]}]},{"@type":"ImageObject","inLanguage":"en-US","@id":"https:\/\/nolen.pl\/en\/files-to-download\/#primaryimage","url":"https:\/\/nolen.pl\/wp-content\/uploads\/2025\/01\/tapeta-na-pulpit-Nolen-1920x1080px-4k-1024x559.jpg","contentUrl":"https:\/\/nolen.pl\/wp-content\/uploads\/2025\/01\/tapeta-na-pulpit-Nolen-1920x1080px-4k-1024x559.jpg"},{"@type":"BreadcrumbList","@id":"https:\/\/nolen.pl\/en\/files-to-download\/#breadcrumb","itemListElement":[{"@type":"ListItem","position":1,"name":"Strona g\u0142\u00f3wna","item":"https:\/\/nolen.pl\/en\/"},{"@type":"ListItem","position":2,"name":"Files to Download"}]},{"@type":"WebSite","@id":"https:\/\/nolen.pl\/en\/#website","url":"https:\/\/nolen.pl\/en\/","name":"Nolen - przydomowe oczyszczalnie \u015bciek\u00f3w, zbiorniki na paliwo, AdBlue, RSM","description":"Producent zbiornik\u00f3w do paliw, nawoz\u00f3w p\u0142ynnych, azotowych, AdBlue, wody.","publisher":{"@id":"https:\/\/nolen.pl\/en\/#organization"},"potentialAction":[{"@type":"SearchAction","target":{"@type":"EntryPoint","urlTemplate":"https:\/\/nolen.pl\/en\/?s={search_term_string}"},"query-input":{"@type":"PropertyValueSpecification","valueRequired":true,"valueName":"search_term_string"}}],"inLanguage":"en-US"},{"@type":"Organization","@id":"https:\/\/nolen.pl\/en\/#organization","name":"Producent zbiornik\u00f3w do paliw, nawoz\u00f3w p\u0142ynnych, azotowych, AdBlue, wody.","url":"https:\/\/nolen.pl\/en\/","logo":{"@type":"ImageObject","inLanguage":"en-US","@id":"https:\/\/nolen.pl\/en\/#\/schema\/logo\/image\/","url":"https:\/\/nolen.pl\/wp-content\/uploads\/2025\/01\/logo_nolen_granatowe_500px.webp","contentUrl":"https:\/\/nolen.pl\/wp-content\/uploads\/2025\/01\/logo_nolen_granatowe_500px.webp","width":500,"height":165,"caption":"Producent zbiornik\u00f3w do paliw, nawoz\u00f3w p\u0142ynnych, azotowych, AdBlue, wody."},"image":{"@id":"https:\/\/nolen.pl\/en\/#\/schema\/logo\/image\/"},"sameAs":["https:\/\/www.facebook.com\/NolenStaszow"]}]}},"_links":{"self":[{"href":"https:\/\/nolen.pl\/en\/wp-json\/wp\/v2\/pages\/17873","targetHints":{"allow":["GET"]}}],"collection":[{"href":"https:\/\/nolen.pl\/en\/wp-json\/wp\/v2\/pages"}],"about":[{"href":"https:\/\/nolen.pl\/en\/wp-json\/wp\/v2\/types\/page"}],"author":[{"embeddable":true,"href":"https:\/\/nolen.pl\/en\/wp-json\/wp\/v2\/users\/1"}],"replies":[{"embeddable":true,"href":"https:\/\/nolen.pl\/en\/wp-json\/wp\/v2\/comments?post=17873"}],"version-history":[{"count":9,"href":"https:\/\/nolen.pl\/en\/wp-json\/wp\/v2\/pages\/17873\/revisions"}],"predecessor-version":[{"id":18818,"href":"https:\/\/nolen.pl\/en\/wp-json\/wp\/v2\/pages\/17873\/revisions\/18818"}],"wp:attachment":[{"href":"https:\/\/nolen.pl\/en\/wp-json\/wp\/v2\/media?parent=17873"}],"curies":[{"name":"wp","href":"https:\/\/api.w.org\/{rel}","templated":true}]}}