{"id":17782,"date":"2024-04-26T09:03:45","date_gmt":"2024-04-26T07:03:45","guid":{"rendered":"https:\/\/nolen.pl\/tiles\/"},"modified":"2025-11-17T13:42:33","modified_gmt":"2025-11-17T12:42:33","slug":"tiles","status":"publish","type":"page","link":"https:\/\/nolen.pl\/en\/tiles\/","title":{"rendered":"Tiles"},"content":{"rendered":"\t\t<div data-elementor-type=\"wp-page\" data-elementor-id=\"17782\" class=\"elementor elementor-17782 elementor-1122\" data-elementor-post-type=\"page\">\n\t\t\t\t        <section class=\"elementor-section elementor-top-section elementor-element elementor-element-2159f3c elementor-section-stretched elementor-section-boxed elementor-section-height-default elementor-section-height-default pxl-row-scroll-none pxl-column-overflow-gradient-top-no pxl-column-overflow-gradient-bottom-no pxl-section-bg-none rael-particle-no\" data-id=\"2159f3c\" data-element_type=\"section\" data-e-type=\"section\" data-settings=\"{&quot;stretch_section&quot;:&quot;section-stretched&quot;,&quot;rae_animations_entrance&quot;:&quot;none&quot;}\">\n\n                \n                <div class=\"elementor-container elementor-column-gap-extended \">\n                <div class=\"elementor-column elementor-col-100 elementor-top-column elementor-element elementor-element-3f643f2 pxl-section-offset-none pxl-column-none rael-particle-no\" data-id=\"3f643f2\" data-element_type=\"column\" data-e-type=\"column\">\r\n        <div class=\"elementor-widget-wrap elementor-element-populated\">\r\n                     \r\n        \t\t<div class=\"elementor-element elementor-element-6383f91 pxl-post-layout-service-1 elementor-widget elementor-widget-pxl_post_grid\" data-id=\"6383f91\" data-element_type=\"widget\" data-e-type=\"widget\" data-widget_type=\"pxl_post_grid.default\">\n\t\t\t\t<div class=\"elementor-widget-container\">\n\t\t\t\t\t\n<div id=\"pxl_post_grid-6383f91-8602\" class=\"pxl-grid pxl-service-grid pxl-service-grid-layout1 pxl-parent-transition\" data-layout=\"masonry\" data-start-page=\"1\" data-max-pages=\"0\" data-total=\"0\" data-perpage=\"8\" data-next-link=\"https:\/\/nolen.pl\/en\/wp-json\/wp\/v2\/pages\/17782\/page\/2\/\">\n    \n    <div class=\"pxl-grid-inner pxl-grid-masonry row\" data-gutter=\"15\">\n        <div class=\"grid-sizer col-xxl-3 col-xl-3 col-lg-4 col-md-6 col-sm-6 col-12\"><\/div>\n            <\/div>\n    <div class=\"pxl-grid-no-results\">No matching results.<\/div>\n            <div class=\"pxl-grid-pagination\" data-loadmore=\"{&quot;post_type&quot;:&quot;service&quot;,&quot;layout&quot;:&quot;service-1&quot;,&quot;startPage&quot;:1,&quot;maxPages&quot;:0,&quot;total&quot;:0,&quot;perpage&quot;:8,&quot;nextLink&quot;:&quot;https:\\\/\\\/nolen.pl\\\/en\\\/wp-json\\\/wp\\\/v2\\\/pages\\\/17782\\\/page\\\/2\\\/&quot;,&quot;source&quot;:&quot;&quot;,&quot;orderby&quot;:&quot;date&quot;,&quot;order&quot;:&quot;desc&quot;,&quot;limit&quot;:8,&quot;post_ids&quot;:[],&quot;col_xxl&quot;:3,&quot;col_xl&quot;:3,&quot;col_lg&quot;:4,&quot;col_md&quot;:6,&quot;col_sm&quot;:6,&quot;col_xs&quot;:12,&quot;pagination_type&quot;:&quot;pagination&quot;,&quot;show_excerpt&quot;:&quot;&quot;,&quot;num_words&quot;:25,&quot;text_line&quot;:&quot;&quot;,&quot;show_button&quot;:&quot;true&quot;,&quot;show_number&quot;:&quot;true&quot;,&quot;img_size&quot;:&quot;&quot;,&quot;grid_masonry&quot;:&quot;&quot;,&quot;pxl_animate&quot;:&quot;&quot;,&quot;html_id&quot;:&quot;pxl_post_grid-6383f91-8602&quot;,&quot;tax&quot;:[]}\" data-query=\"{&quot;post_type&quot;:&quot;service&quot;,&quot;post_status&quot;:&quot;publish&quot;,&quot;posts_per_page&quot;:8,&quot;order&quot;:&quot;desc&quot;,&quot;orderby&quot;:&quot;date&quot;,&quot;tax_query&quot;:{&quot;relation&quot;:&quot;OR&quot;},&quot;post__not_in&quot;:[17782]}\">\n                    <\/div>\n        <\/div>\t\t\t\t<\/div>\n\t\t\t\t<\/div>\n\t\t            <\/div>\r\n        <\/div>\r\n        \t\t\t<\/div>\n\t\t<\/section>\n\t\t\t\t<\/div>\n\t\t","protected":false},"excerpt":{"rendered":"<p>01 Outdoor Photography 02 Photography Training 03 Photography Archive 04 Studio Photography 05 Wildlife Photography 06 Personal Portfolio Shoot 07 Wedding Cinematography 08 Drone Cinematography No matching results. 1 2<\/p>\n","protected":false},"author":1,"featured_media":0,"parent":0,"menu_order":0,"comment_status":"closed","ping_status":"closed","template":"","meta":{"footnotes":""},"class_list":["post-17782","page","type-page","status-publish","hentry"],"yoast_head":"<!-- This site is optimized with the Yoast SEO plugin v27.3 - https:\/\/yoast.com\/product\/yoast-seo-wordpress\/ -->\n<title>Tiles - Nolen - przydomowe oczyszczalnie \u015bciek\u00f3w, zbiorniki na paliwo, AdBlue, RSM<\/title>\n<meta name=\"robots\" content=\"index, follow, max-snippet:-1, max-image-preview:large, max-video-preview:-1\" \/>\n<link rel=\"canonical\" href=\"https:\/\/nolen.pl\/en\/tiles\/\" \/>\n<meta property=\"og:locale\" content=\"en_US\" \/>\n<meta property=\"og:type\" content=\"article\" \/>\n<meta property=\"og:title\" content=\"Tiles - Nolen - przydomowe oczyszczalnie \u015bciek\u00f3w, zbiorniki na paliwo, AdBlue, RSM\" \/>\n<meta property=\"og:description\" content=\"01 Outdoor Photography 02 Photography Training 03 Photography Archive 04 Studio Photography 05 Wildlife Photography 06 Personal Portfolio Shoot 07 Wedding Cinematography 08 Drone Cinematography No matching results. 1 2\" \/>\n<meta property=\"og:url\" content=\"https:\/\/nolen.pl\/en\/tiles\/\" \/>\n<meta property=\"og:site_name\" content=\"Nolen - przydomowe oczyszczalnie \u015bciek\u00f3w, zbiorniki na paliwo, AdBlue, RSM\" \/>\n<meta property=\"article:publisher\" content=\"https:\/\/www.facebook.com\/NolenStaszow\" \/>\n<meta property=\"article:modified_time\" content=\"2025-11-17T12:42:33+00:00\" \/>\n<meta property=\"og:image\" content=\"https:\/\/nolen.pl\/wp-content\/uploads\/2024\/04\/weding.svg\" \/>\n<meta name=\"twitter:card\" content=\"summary_large_image\" \/>\n<script type=\"application\/ld+json\" class=\"yoast-schema-graph\">{\"@context\":\"https:\\\/\\\/schema.org\",\"@graph\":[{\"@type\":\"WebPage\",\"@id\":\"https:\\\/\\\/nolen.pl\\\/en\\\/tiles\\\/\",\"url\":\"https:\\\/\\\/nolen.pl\\\/en\\\/tiles\\\/\",\"name\":\"Tiles - Nolen - przydomowe oczyszczalnie \u015bciek\u00f3w, zbiorniki na paliwo, AdBlue, RSM\",\"isPartOf\":{\"@id\":\"https:\\\/\\\/nolen.pl\\\/en\\\/#website\"},\"primaryImageOfPage\":{\"@id\":\"https:\\\/\\\/nolen.pl\\\/en\\\/tiles\\\/#primaryimage\"},\"image\":{\"@id\":\"https:\\\/\\\/nolen.pl\\\/en\\\/tiles\\\/#primaryimage\"},\"thumbnailUrl\":\"https:\\\/\\\/nolen.pl\\\/wp-content\\\/uploads\\\/2024\\\/04\\\/weding.svg\",\"datePublished\":\"2024-04-26T07:03:45+00:00\",\"dateModified\":\"2025-11-17T12:42:33+00:00\",\"breadcrumb\":{\"@id\":\"https:\\\/\\\/nolen.pl\\\/en\\\/tiles\\\/#breadcrumb\"},\"inLanguage\":\"en-US\",\"potentialAction\":[{\"@type\":\"ReadAction\",\"target\":[\"https:\\\/\\\/nolen.pl\\\/en\\\/tiles\\\/\"]}]},{\"@type\":\"ImageObject\",\"inLanguage\":\"en-US\",\"@id\":\"https:\\\/\\\/nolen.pl\\\/en\\\/tiles\\\/#primaryimage\",\"url\":\"https:\\\/\\\/nolen.pl\\\/wp-content\\\/uploads\\\/2024\\\/04\\\/weding.svg\",\"contentUrl\":\"https:\\\/\\\/nolen.pl\\\/wp-content\\\/uploads\\\/2024\\\/04\\\/weding.svg\"},{\"@type\":\"BreadcrumbList\",\"@id\":\"https:\\\/\\\/nolen.pl\\\/en\\\/tiles\\\/#breadcrumb\",\"itemListElement\":[{\"@type\":\"ListItem\",\"position\":1,\"name\":\"Strona g\u0142\u00f3wna\",\"item\":\"https:\\\/\\\/nolen.pl\\\/en\\\/\"},{\"@type\":\"ListItem\",\"position\":2,\"name\":\"Tiles\"}]},{\"@type\":\"WebSite\",\"@id\":\"https:\\\/\\\/nolen.pl\\\/en\\\/#website\",\"url\":\"https:\\\/\\\/nolen.pl\\\/en\\\/\",\"name\":\"Nolen - przydomowe oczyszczalnie \u015bciek\u00f3w, zbiorniki na paliwo, AdBlue, RSM\",\"description\":\"Producent zbiornik\u00f3w do paliw, nawoz\u00f3w p\u0142ynnych, azotowych, AdBlue, wody.\",\"publisher\":{\"@id\":\"https:\\\/\\\/nolen.pl\\\/en\\\/#organization\"},\"potentialAction\":[{\"@type\":\"SearchAction\",\"target\":{\"@type\":\"EntryPoint\",\"urlTemplate\":\"https:\\\/\\\/nolen.pl\\\/en\\\/?s={search_term_string}\"},\"query-input\":{\"@type\":\"PropertyValueSpecification\",\"valueRequired\":true,\"valueName\":\"search_term_string\"}}],\"inLanguage\":\"en-US\"},{\"@type\":\"Organization\",\"@id\":\"https:\\\/\\\/nolen.pl\\\/en\\\/#organization\",\"name\":\"Producent zbiornik\u00f3w do paliw, nawoz\u00f3w p\u0142ynnych, azotowych, AdBlue, wody.\",\"url\":\"https:\\\/\\\/nolen.pl\\\/en\\\/\",\"logo\":{\"@type\":\"ImageObject\",\"inLanguage\":\"en-US\",\"@id\":\"https:\\\/\\\/nolen.pl\\\/en\\\/#\\\/schema\\\/logo\\\/image\\\/\",\"url\":\"https:\\\/\\\/nolen.pl\\\/wp-content\\\/uploads\\\/2025\\\/01\\\/logo_nolen_granatowe_500px.webp\",\"contentUrl\":\"https:\\\/\\\/nolen.pl\\\/wp-content\\\/uploads\\\/2025\\\/01\\\/logo_nolen_granatowe_500px.webp\",\"width\":500,\"height\":165,\"caption\":\"Producent zbiornik\u00f3w do paliw, nawoz\u00f3w p\u0142ynnych, azotowych, AdBlue, wody.\"},\"image\":{\"@id\":\"https:\\\/\\\/nolen.pl\\\/en\\\/#\\\/schema\\\/logo\\\/image\\\/\"},\"sameAs\":[\"https:\\\/\\\/www.facebook.com\\\/NolenStaszow\"]}]}<\/script>\n<!-- \/ Yoast SEO plugin. -->","yoast_head_json":{"title":"Tiles - Nolen - przydomowe oczyszczalnie \u015bciek\u00f3w, zbiorniki na paliwo, AdBlue, RSM","robots":{"index":"index","follow":"follow","max-snippet":"max-snippet:-1","max-image-preview":"max-image-preview:large","max-video-preview":"max-video-preview:-1"},"canonical":"https:\/\/nolen.pl\/en\/tiles\/","og_locale":"en_US","og_type":"article","og_title":"Tiles - Nolen - przydomowe oczyszczalnie \u015bciek\u00f3w, zbiorniki na paliwo, AdBlue, RSM","og_description":"01 Outdoor Photography 02 Photography Training 03 Photography Archive 04 Studio Photography 05 Wildlife Photography 06 Personal Portfolio Shoot 07 Wedding Cinematography 08 Drone Cinematography No matching results. 1 2","og_url":"https:\/\/nolen.pl\/en\/tiles\/","og_site_name":"Nolen - przydomowe oczyszczalnie \u015bciek\u00f3w, zbiorniki na paliwo, AdBlue, RSM","article_publisher":"https:\/\/www.facebook.com\/NolenStaszow","article_modified_time":"2025-11-17T12:42:33+00:00","og_image":[{"url":"https:\/\/nolen.pl\/wp-content\/uploads\/2024\/04\/weding.svg","type":"","width":"","height":""}],"twitter_card":"summary_large_image","schema":{"@context":"https:\/\/schema.org","@graph":[{"@type":"WebPage","@id":"https:\/\/nolen.pl\/en\/tiles\/","url":"https:\/\/nolen.pl\/en\/tiles\/","name":"Tiles - Nolen - przydomowe oczyszczalnie \u015bciek\u00f3w, zbiorniki na paliwo, AdBlue, RSM","isPartOf":{"@id":"https:\/\/nolen.pl\/en\/#website"},"primaryImageOfPage":{"@id":"https:\/\/nolen.pl\/en\/tiles\/#primaryimage"},"image":{"@id":"https:\/\/nolen.pl\/en\/tiles\/#primaryimage"},"thumbnailUrl":"https:\/\/nolen.pl\/wp-content\/uploads\/2024\/04\/weding.svg","datePublished":"2024-04-26T07:03:45+00:00","dateModified":"2025-11-17T12:42:33+00:00","breadcrumb":{"@id":"https:\/\/nolen.pl\/en\/tiles\/#breadcrumb"},"inLanguage":"en-US","potentialAction":[{"@type":"ReadAction","target":["https:\/\/nolen.pl\/en\/tiles\/"]}]},{"@type":"ImageObject","inLanguage":"en-US","@id":"https:\/\/nolen.pl\/en\/tiles\/#primaryimage","url":"https:\/\/nolen.pl\/wp-content\/uploads\/2024\/04\/weding.svg","contentUrl":"https:\/\/nolen.pl\/wp-content\/uploads\/2024\/04\/weding.svg"},{"@type":"BreadcrumbList","@id":"https:\/\/nolen.pl\/en\/tiles\/#breadcrumb","itemListElement":[{"@type":"ListItem","position":1,"name":"Strona g\u0142\u00f3wna","item":"https:\/\/nolen.pl\/en\/"},{"@type":"ListItem","position":2,"name":"Tiles"}]},{"@type":"WebSite","@id":"https:\/\/nolen.pl\/en\/#website","url":"https:\/\/nolen.pl\/en\/","name":"Nolen - przydomowe oczyszczalnie \u015bciek\u00f3w, zbiorniki na paliwo, AdBlue, RSM","description":"Producent zbiornik\u00f3w do paliw, nawoz\u00f3w p\u0142ynnych, azotowych, AdBlue, wody.","publisher":{"@id":"https:\/\/nolen.pl\/en\/#organization"},"potentialAction":[{"@type":"SearchAction","target":{"@type":"EntryPoint","urlTemplate":"https:\/\/nolen.pl\/en\/?s={search_term_string}"},"query-input":{"@type":"PropertyValueSpecification","valueRequired":true,"valueName":"search_term_string"}}],"inLanguage":"en-US"},{"@type":"Organization","@id":"https:\/\/nolen.pl\/en\/#organization","name":"Producent zbiornik\u00f3w do paliw, nawoz\u00f3w p\u0142ynnych, azotowych, AdBlue, wody.","url":"https:\/\/nolen.pl\/en\/","logo":{"@type":"ImageObject","inLanguage":"en-US","@id":"https:\/\/nolen.pl\/en\/#\/schema\/logo\/image\/","url":"https:\/\/nolen.pl\/wp-content\/uploads\/2025\/01\/logo_nolen_granatowe_500px.webp","contentUrl":"https:\/\/nolen.pl\/wp-content\/uploads\/2025\/01\/logo_nolen_granatowe_500px.webp","width":500,"height":165,"caption":"Producent zbiornik\u00f3w do paliw, nawoz\u00f3w p\u0142ynnych, azotowych, AdBlue, wody."},"image":{"@id":"https:\/\/nolen.pl\/en\/#\/schema\/logo\/image\/"},"sameAs":["https:\/\/www.facebook.com\/NolenStaszow"]}]}},"_links":{"self":[{"href":"https:\/\/nolen.pl\/en\/wp-json\/wp\/v2\/pages\/17782","targetHints":{"allow":["GET"]}}],"collection":[{"href":"https:\/\/nolen.pl\/en\/wp-json\/wp\/v2\/pages"}],"about":[{"href":"https:\/\/nolen.pl\/en\/wp-json\/wp\/v2\/types\/page"}],"author":[{"embeddable":true,"href":"https:\/\/nolen.pl\/en\/wp-json\/wp\/v2\/users\/1"}],"replies":[{"embeddable":true,"href":"https:\/\/nolen.pl\/en\/wp-json\/wp\/v2\/comments?post=17782"}],"version-history":[{"count":1,"href":"https:\/\/nolen.pl\/en\/wp-json\/wp\/v2\/pages\/17782\/revisions"}],"predecessor-version":[{"id":17793,"href":"https:\/\/nolen.pl\/en\/wp-json\/wp\/v2\/pages\/17782\/revisions\/17793"}],"wp:attachment":[{"href":"https:\/\/nolen.pl\/en\/wp-json\/wp\/v2\/media?parent=17782"}],"curies":[{"name":"wp","href":"https:\/\/api.w.org\/{rel}","templated":true}]}}