{"id":17724,"date":"2024-05-06T10:10:56","date_gmt":"2024-05-06T08:10:56","guid":{"rendered":"https:\/\/nolen.pl\/team\/"},"modified":"2025-11-17T13:42:26","modified_gmt":"2025-11-17T12:42:26","slug":"team","status":"publish","type":"page","link":"https:\/\/nolen.pl\/en\/team\/","title":{"rendered":"Team"},"content":{"rendered":"\t\t<div data-elementor-type=\"wp-page\" data-elementor-id=\"17724\" class=\"elementor elementor-17724 elementor-2522\" data-elementor-post-type=\"page\">\n\t\t\t\t        <section class=\"elementor-section elementor-top-section elementor-element elementor-element-9c38ec3 elementor-section-stretched elementor-section-boxed elementor-section-height-default elementor-section-height-default pxl-row-scroll-none pxl-column-overflow-gradient-top-no pxl-column-overflow-gradient-bottom-no pxl-section-bg-none rael-particle-no\" data-id=\"9c38ec3\" data-element_type=\"section\" data-e-type=\"section\" data-settings=\"{&quot;stretch_section&quot;:&quot;section-stretched&quot;,&quot;rae_animations_entrance&quot;:&quot;none&quot;}\">\n\n                \n                <div class=\"elementor-container elementor-column-gap-extended \">\n                <div class=\"elementor-column elementor-col-100 elementor-top-column elementor-element elementor-element-704eb51 pxl-section-offset-none pxl-column-none rael-particle-no\" data-id=\"704eb51\" data-element_type=\"column\" data-e-type=\"column\">\r\n        <div class=\"elementor-widget-wrap elementor-element-populated\">\r\n                     \r\n        \t\t<div class=\"elementor-element elementor-element-40cf904 pxl-gradient elementor-widget elementor-widget-pxl_team_grid\" data-id=\"40cf904\" data-element_type=\"widget\" data-e-type=\"widget\" data-widget_type=\"pxl_team_grid.default\">\n\t\t\t\t<div class=\"elementor-widget-container\">\n\t\t\t\t\t<div class=\"pxl-grid pxl-team-grid pxl-team-grid1 style-overlay\" data-layout=\"masonry\">\r\n    <div class=\"pxl-grid-inner pxl-grid-masonry row\" data-gutter=\"15\">\r\n        <div class=\"grid-sizer col-xl-4 col-lg-4 col-md-6 col-sm-6 col-12\"><\/div>\r\n                <div class=\"pxl-grid-item col-xl-4 col-lg-4 col-md-6 col-sm-6 col-12\">\r\n            <div class=\"pxl-item--inner wow skewInUp\">\r\n                                    <div class=\"pxl-item--image el-parallax-wrap\">\r\n                        <a class=\"el-parallax-item\" href=\"http:\/\/nolen.eu\/team-details\/\">                                                <\/a>  \r\n                        <a class=\"el-parallax-item item-link\" href=\"http:\/\/nolen.eu\/team-details\/\">                        <\/a>                                     \r\n                    <\/div>\r\n                                <div class=\"pxl-item--meta\">\r\n                                            <h5 class=\"pxl-item--title el-empty\">\r\n                            <a href=\"http:\/\/nolen.eu\/team-details\/\">                            Maxim Alexhander                            <\/a>                        <\/h5>\r\n                                                                <div class=\"pxl-item--position el-empty\">CEO, Kimono Agency<\/div>\r\n                                                                <div class=\"pxl-item--social\">\r\n                                                         <a href=\"#\">\r\n                                                                <span>FB<\/span>\r\n                                                                <\/a>\r\n                                                            <a href=\"#\">\r\n                                                                <span>IG<\/span>\r\n                                                                <\/a>\r\n                                                            <a href=\"#\">\r\n                                                                <span>YT<\/span>\r\n                                                                <\/a>\r\n                                                            <a href=\"#\">\r\n                                                                <span>DR<\/span>\r\n                                                                <\/a>\r\n                                                <\/div>\r\n                            <\/div>\r\n        <\/div>\r\n    <\/div>\r\n        <div class=\"pxl-grid-item col-xl-4 col-lg-4 col-md-6 col-sm-6 col-12\">\r\n            <div class=\"pxl-item--inner wow skewInUp\">\r\n                                    <div class=\"pxl-item--image el-parallax-wrap\">\r\n                        <a class=\"el-parallax-item\" href=\"http:\/\/nolen.eu\/team-details\/\">                                                <\/a>  \r\n                        <a class=\"el-parallax-item item-link\" href=\"http:\/\/nolen.eu\/team-details\/\">                        <\/a>                                     \r\n                    <\/div>\r\n                                <div class=\"pxl-item--meta\">\r\n                                            <h5 class=\"pxl-item--title el-empty\">\r\n                            <a href=\"http:\/\/nolen.eu\/team-details\/\">                            Nelson Jameson                            <\/a>                        <\/h5>\r\n                                                                <div class=\"pxl-item--position el-empty\">Photographer<\/div>\r\n                                                                <div class=\"pxl-item--social\">\r\n                                                         <a href=\"#\">\r\n                                                                <span>FB<\/span>\r\n                                                                <\/a>\r\n                                                            <a href=\"#\">\r\n                                                                <span>IG<\/span>\r\n                                                                <\/a>\r\n                                                            <a href=\"#\">\r\n                                                                <span>YT<\/span>\r\n                                                                <\/a>\r\n                                                            <a href=\"#\">\r\n                                                                <span>DR<\/span>\r\n                                                                <\/a>\r\n                                                <\/div>\r\n                            <\/div>\r\n        <\/div>\r\n    <\/div>\r\n        <div class=\"pxl-grid-item col-xl-4 col-lg-4 col-md-6 col-sm-6 col-12\">\r\n            <div class=\"pxl-item--inner wow skewInUp\">\r\n                                    <div class=\"pxl-item--image el-parallax-wrap\">\r\n                        <a class=\"el-parallax-item\" href=\"http:\/\/nolen.eu\/team-details\/\">                                                <\/a>  \r\n                        <a class=\"el-parallax-item item-link\" href=\"http:\/\/nolen.eu\/team-details\/\">                        <\/a>                                     \r\n                    <\/div>\r\n                                <div class=\"pxl-item--meta\">\r\n                                            <h5 class=\"pxl-item--title el-empty\">\r\n                            <a href=\"http:\/\/nolen.eu\/team-details\/\">                            Ellie Duncan                            <\/a>                        <\/h5>\r\n                                                                <div class=\"pxl-item--position el-empty\">Photographer<\/div>\r\n                                                                <div class=\"pxl-item--social\">\r\n                                                         <a href=\"#\">\r\n                                                                <span>FB<\/span>\r\n                                                                <\/a>\r\n                                                            <a href=\"#\">\r\n                                                                <span>IG<\/span>\r\n                                                                <\/a>\r\n                                                            <a href=\"#\">\r\n                                                                <span>YT<\/span>\r\n                                                                <\/a>\r\n                                                            <a href=\"#\">\r\n                                                                <span>DR<\/span>\r\n                                                                <\/a>\r\n                                                <\/div>\r\n                            <\/div>\r\n        <\/div>\r\n    <\/div>\r\n        <div class=\"pxl-grid-item col-xl-4 col-lg-4 col-md-6 col-sm-6 col-12\">\r\n            <div class=\"pxl-item--inner wow skewInUp\">\r\n                                    <div class=\"pxl-item--image el-parallax-wrap\">\r\n                        <a class=\"el-parallax-item\" href=\"http:\/\/nolen.eu\/team-details\/\">                                                <\/a>  \r\n                        <a class=\"el-parallax-item item-link\" href=\"http:\/\/nolen.eu\/team-details\/\">                        <\/a>                                     \r\n                    <\/div>\r\n                                <div class=\"pxl-item--meta\">\r\n                                            <h5 class=\"pxl-item--title el-empty\">\r\n                            <a href=\"http:\/\/nolen.eu\/team-details\/\">                            Nelson Jameson                            <\/a>                        <\/h5>\r\n                                                                <div class=\"pxl-item--position el-empty\">Photographer<\/div>\r\n                                                                <div class=\"pxl-item--social\">\r\n                                                         <a href=\"#\">\r\n                                                                <span>FB<\/span>\r\n                                                                <\/a>\r\n                                                            <a href=\"#\">\r\n                                                                <span>IG<\/span>\r\n                                                                <\/a>\r\n                                                            <a href=\"#\">\r\n                                                                <span>YT<\/span>\r\n                                                                <\/a>\r\n                                                            <a href=\"#\">\r\n                                                                <span>DR<\/span>\r\n                                                                <\/a>\r\n                                                <\/div>\r\n                            <\/div>\r\n        <\/div>\r\n    <\/div>\r\n        <div class=\"pxl-grid-item col-xl-4 col-lg-4 col-md-6 col-sm-6 col-12\">\r\n            <div class=\"pxl-item--inner wow skewInUp\">\r\n                                    <div class=\"pxl-item--image el-parallax-wrap\">\r\n                        <a class=\"el-parallax-item\" href=\"http:\/\/nolen.eu\/team-details\/\">                                                <\/a>  \r\n                        <a class=\"el-parallax-item item-link\" href=\"http:\/\/nolen.eu\/team-details\/\">                        <\/a>                                     \r\n                    <\/div>\r\n                                <div class=\"pxl-item--meta\">\r\n                                            <h5 class=\"pxl-item--title el-empty\">\r\n                            <a href=\"http:\/\/nolen.eu\/team-details\/\">                            Nelson Jameson                            <\/a>                        <\/h5>\r\n                                                                <div class=\"pxl-item--position el-empty\">Photographer<\/div>\r\n                                                                <div class=\"pxl-item--social\">\r\n                                                         <a href=\"#\">\r\n                                                                <span>FB<\/span>\r\n                                                                <\/a>\r\n                                                            <a href=\"#\">\r\n                                                                <span>IG<\/span>\r\n                                                                <\/a>\r\n                                                            <a href=\"#\">\r\n                                                                <span>YT<\/span>\r\n                                                                <\/a>\r\n                                                            <a href=\"#\">\r\n                                                                <span>DR<\/span>\r\n                                                                <\/a>\r\n                                                <\/div>\r\n                            <\/div>\r\n        <\/div>\r\n    <\/div>\r\n        <div class=\"pxl-grid-item col-xl-4 col-lg-4 col-md-6 col-sm-6 col-12\">\r\n            <div class=\"pxl-item--inner wow skewInUp\">\r\n                                    <div class=\"pxl-item--image el-parallax-wrap\">\r\n                        <a class=\"el-parallax-item\" href=\"http:\/\/nolen.eu\/team-details\/\">                                                <\/a>  \r\n                        <a class=\"el-parallax-item item-link\" href=\"http:\/\/nolen.eu\/team-details\/\">                        <\/a>                                     \r\n                    <\/div>\r\n                                <div class=\"pxl-item--meta\">\r\n                                            <h5 class=\"pxl-item--title el-empty\">\r\n                            <a href=\"http:\/\/nolen.eu\/team-details\/\">                            Ellie Duncan                            <\/a>                        <\/h5>\r\n                                                                <div class=\"pxl-item--position el-empty\">Photographer<\/div>\r\n                                                                <div class=\"pxl-item--social\">\r\n                                                         <a href=\"#\">\r\n                                                                <span>FB<\/span>\r\n                                                                <\/a>\r\n                                                            <a href=\"#\">\r\n                                                                <span>IG<\/span>\r\n                                                                <\/a>\r\n                                                            <a href=\"#\">\r\n                                                                <span>YT<\/span>\r\n                                                                <\/a>\r\n                                                            <a href=\"#\">\r\n                                                                <span>DR<\/span>\r\n                                                                <\/a>\r\n                                                <\/div>\r\n                            <\/div>\r\n        <\/div>\r\n    <\/div>\r\n<\/div>\r\n<\/div>\r\n\t\t\t\t<\/div>\n\t\t\t\t<\/div>\n\t\t            <\/div>\r\n        <\/div>\r\n        \t\t\t<\/div>\n\t\t<\/section>\n\t\t\t\t<\/div>\n\t\t","protected":false},"excerpt":{"rendered":"<p>Maxim Alexhander CEO, Kimono Agency FB IG YT DR Nelson Jameson Photographer FB IG YT DR Ellie Duncan Photographer FB IG YT DR Nelson Jameson Photographer FB IG YT DR Nelson Jameson Photographer FB IG YT DR Ellie Duncan Photographer FB IG YT DR<\/p>\n","protected":false},"author":1,"featured_media":0,"parent":0,"menu_order":0,"comment_status":"closed","ping_status":"closed","template":"","meta":{"footnotes":""},"class_list":["post-17724","page","type-page","status-publish","hentry"],"yoast_head":"<!-- This site is optimized with the Yoast SEO plugin v27.3 - https:\/\/yoast.com\/product\/yoast-seo-wordpress\/ -->\n<title>Team - Nolen - przydomowe oczyszczalnie \u015bciek\u00f3w, zbiorniki na paliwo, AdBlue, RSM<\/title>\n<meta name=\"robots\" content=\"index, follow, max-snippet:-1, max-image-preview:large, max-video-preview:-1\" \/>\n<link rel=\"canonical\" href=\"https:\/\/nolen.pl\/en\/team\/\" \/>\n<meta property=\"og:locale\" content=\"en_US\" \/>\n<meta property=\"og:type\" content=\"article\" \/>\n<meta property=\"og:title\" content=\"Team - Nolen - przydomowe oczyszczalnie \u015bciek\u00f3w, zbiorniki na paliwo, AdBlue, RSM\" \/>\n<meta property=\"og:description\" content=\"Maxim Alexhander CEO, Kimono Agency FB IG YT DR Nelson Jameson Photographer FB IG YT DR Ellie Duncan Photographer FB IG YT DR Nelson Jameson Photographer FB IG YT DR Nelson Jameson Photographer FB IG YT DR Ellie Duncan Photographer FB IG YT DR\" \/>\n<meta property=\"og:url\" content=\"https:\/\/nolen.pl\/en\/team\/\" \/>\n<meta property=\"og:site_name\" content=\"Nolen - przydomowe oczyszczalnie \u015bciek\u00f3w, zbiorniki na paliwo, AdBlue, RSM\" \/>\n<meta property=\"article:publisher\" content=\"https:\/\/www.facebook.com\/NolenStaszow\" \/>\n<meta property=\"article:modified_time\" content=\"2025-11-17T12:42:26+00:00\" \/>\n<meta property=\"og:image\" content=\"https:\/\/nolen.pl\/wp-content\/uploads\/2024\/05\/team1.webp\" \/>\n<meta name=\"twitter:card\" content=\"summary_large_image\" \/>\n<script type=\"application\/ld+json\" class=\"yoast-schema-graph\">{\"@context\":\"https:\\\/\\\/schema.org\",\"@graph\":[{\"@type\":\"WebPage\",\"@id\":\"https:\\\/\\\/nolen.pl\\\/en\\\/team\\\/\",\"url\":\"https:\\\/\\\/nolen.pl\\\/en\\\/team\\\/\",\"name\":\"Team - Nolen - przydomowe oczyszczalnie \u015bciek\u00f3w, zbiorniki na paliwo, AdBlue, RSM\",\"isPartOf\":{\"@id\":\"https:\\\/\\\/nolen.pl\\\/en\\\/#website\"},\"primaryImageOfPage\":{\"@id\":\"https:\\\/\\\/nolen.pl\\\/en\\\/team\\\/#primaryimage\"},\"image\":{\"@id\":\"https:\\\/\\\/nolen.pl\\\/en\\\/team\\\/#primaryimage\"},\"thumbnailUrl\":\"https:\\\/\\\/nolen.pl\\\/wp-content\\\/uploads\\\/2024\\\/05\\\/team1.webp\",\"datePublished\":\"2024-05-06T08:10:56+00:00\",\"dateModified\":\"2025-11-17T12:42:26+00:00\",\"breadcrumb\":{\"@id\":\"https:\\\/\\\/nolen.pl\\\/en\\\/team\\\/#breadcrumb\"},\"inLanguage\":\"en-US\",\"potentialAction\":[{\"@type\":\"ReadAction\",\"target\":[\"https:\\\/\\\/nolen.pl\\\/en\\\/team\\\/\"]}]},{\"@type\":\"ImageObject\",\"inLanguage\":\"en-US\",\"@id\":\"https:\\\/\\\/nolen.pl\\\/en\\\/team\\\/#primaryimage\",\"url\":\"https:\\\/\\\/nolen.pl\\\/wp-content\\\/uploads\\\/2024\\\/05\\\/team1.webp\",\"contentUrl\":\"https:\\\/\\\/nolen.pl\\\/wp-content\\\/uploads\\\/2024\\\/05\\\/team1.webp\"},{\"@type\":\"BreadcrumbList\",\"@id\":\"https:\\\/\\\/nolen.pl\\\/en\\\/team\\\/#breadcrumb\",\"itemListElement\":[{\"@type\":\"ListItem\",\"position\":1,\"name\":\"Strona g\u0142\u00f3wna\",\"item\":\"https:\\\/\\\/nolen.pl\\\/en\\\/\"},{\"@type\":\"ListItem\",\"position\":2,\"name\":\"Team\"}]},{\"@type\":\"WebSite\",\"@id\":\"https:\\\/\\\/nolen.pl\\\/en\\\/#website\",\"url\":\"https:\\\/\\\/nolen.pl\\\/en\\\/\",\"name\":\"Nolen - przydomowe oczyszczalnie \u015bciek\u00f3w, zbiorniki na paliwo, AdBlue, RSM\",\"description\":\"Producent zbiornik\u00f3w do paliw, nawoz\u00f3w p\u0142ynnych, azotowych, AdBlue, wody.\",\"publisher\":{\"@id\":\"https:\\\/\\\/nolen.pl\\\/en\\\/#organization\"},\"potentialAction\":[{\"@type\":\"SearchAction\",\"target\":{\"@type\":\"EntryPoint\",\"urlTemplate\":\"https:\\\/\\\/nolen.pl\\\/en\\\/?s={search_term_string}\"},\"query-input\":{\"@type\":\"PropertyValueSpecification\",\"valueRequired\":true,\"valueName\":\"search_term_string\"}}],\"inLanguage\":\"en-US\"},{\"@type\":\"Organization\",\"@id\":\"https:\\\/\\\/nolen.pl\\\/en\\\/#organization\",\"name\":\"Producent zbiornik\u00f3w do paliw, nawoz\u00f3w p\u0142ynnych, azotowych, AdBlue, wody.\",\"url\":\"https:\\\/\\\/nolen.pl\\\/en\\\/\",\"logo\":{\"@type\":\"ImageObject\",\"inLanguage\":\"en-US\",\"@id\":\"https:\\\/\\\/nolen.pl\\\/en\\\/#\\\/schema\\\/logo\\\/image\\\/\",\"url\":\"https:\\\/\\\/nolen.pl\\\/wp-content\\\/uploads\\\/2025\\\/01\\\/logo_nolen_granatowe_500px.webp\",\"contentUrl\":\"https:\\\/\\\/nolen.pl\\\/wp-content\\\/uploads\\\/2025\\\/01\\\/logo_nolen_granatowe_500px.webp\",\"width\":500,\"height\":165,\"caption\":\"Producent zbiornik\u00f3w do paliw, nawoz\u00f3w p\u0142ynnych, azotowych, AdBlue, wody.\"},\"image\":{\"@id\":\"https:\\\/\\\/nolen.pl\\\/en\\\/#\\\/schema\\\/logo\\\/image\\\/\"},\"sameAs\":[\"https:\\\/\\\/www.facebook.com\\\/NolenStaszow\"]}]}<\/script>\n<!-- \/ Yoast SEO plugin. -->","yoast_head_json":{"title":"Team - Nolen - przydomowe oczyszczalnie \u015bciek\u00f3w, zbiorniki na paliwo, AdBlue, RSM","robots":{"index":"index","follow":"follow","max-snippet":"max-snippet:-1","max-image-preview":"max-image-preview:large","max-video-preview":"max-video-preview:-1"},"canonical":"https:\/\/nolen.pl\/en\/team\/","og_locale":"en_US","og_type":"article","og_title":"Team - Nolen - przydomowe oczyszczalnie \u015bciek\u00f3w, zbiorniki na paliwo, AdBlue, RSM","og_description":"Maxim Alexhander CEO, Kimono Agency FB IG YT DR Nelson Jameson Photographer FB IG YT DR Ellie Duncan Photographer FB IG YT DR Nelson Jameson Photographer FB IG YT DR Nelson Jameson Photographer FB IG YT DR Ellie Duncan Photographer FB IG YT DR","og_url":"https:\/\/nolen.pl\/en\/team\/","og_site_name":"Nolen - przydomowe oczyszczalnie \u015bciek\u00f3w, zbiorniki na paliwo, AdBlue, RSM","article_publisher":"https:\/\/www.facebook.com\/NolenStaszow","article_modified_time":"2025-11-17T12:42:26+00:00","og_image":[{"url":"https:\/\/nolen.pl\/wp-content\/uploads\/2024\/05\/team1.webp","type":"","width":"","height":""}],"twitter_card":"summary_large_image","schema":{"@context":"https:\/\/schema.org","@graph":[{"@type":"WebPage","@id":"https:\/\/nolen.pl\/en\/team\/","url":"https:\/\/nolen.pl\/en\/team\/","name":"Team - Nolen - przydomowe oczyszczalnie \u015bciek\u00f3w, zbiorniki na paliwo, AdBlue, RSM","isPartOf":{"@id":"https:\/\/nolen.pl\/en\/#website"},"primaryImageOfPage":{"@id":"https:\/\/nolen.pl\/en\/team\/#primaryimage"},"image":{"@id":"https:\/\/nolen.pl\/en\/team\/#primaryimage"},"thumbnailUrl":"https:\/\/nolen.pl\/wp-content\/uploads\/2024\/05\/team1.webp","datePublished":"2024-05-06T08:10:56+00:00","dateModified":"2025-11-17T12:42:26+00:00","breadcrumb":{"@id":"https:\/\/nolen.pl\/en\/team\/#breadcrumb"},"inLanguage":"en-US","potentialAction":[{"@type":"ReadAction","target":["https:\/\/nolen.pl\/en\/team\/"]}]},{"@type":"ImageObject","inLanguage":"en-US","@id":"https:\/\/nolen.pl\/en\/team\/#primaryimage","url":"https:\/\/nolen.pl\/wp-content\/uploads\/2024\/05\/team1.webp","contentUrl":"https:\/\/nolen.pl\/wp-content\/uploads\/2024\/05\/team1.webp"},{"@type":"BreadcrumbList","@id":"https:\/\/nolen.pl\/en\/team\/#breadcrumb","itemListElement":[{"@type":"ListItem","position":1,"name":"Strona g\u0142\u00f3wna","item":"https:\/\/nolen.pl\/en\/"},{"@type":"ListItem","position":2,"name":"Team"}]},{"@type":"WebSite","@id":"https:\/\/nolen.pl\/en\/#website","url":"https:\/\/nolen.pl\/en\/","name":"Nolen - przydomowe oczyszczalnie \u015bciek\u00f3w, zbiorniki na paliwo, AdBlue, RSM","description":"Producent zbiornik\u00f3w do paliw, nawoz\u00f3w p\u0142ynnych, azotowych, AdBlue, wody.","publisher":{"@id":"https:\/\/nolen.pl\/en\/#organization"},"potentialAction":[{"@type":"SearchAction","target":{"@type":"EntryPoint","urlTemplate":"https:\/\/nolen.pl\/en\/?s={search_term_string}"},"query-input":{"@type":"PropertyValueSpecification","valueRequired":true,"valueName":"search_term_string"}}],"inLanguage":"en-US"},{"@type":"Organization","@id":"https:\/\/nolen.pl\/en\/#organization","name":"Producent zbiornik\u00f3w do paliw, nawoz\u00f3w p\u0142ynnych, azotowych, AdBlue, wody.","url":"https:\/\/nolen.pl\/en\/","logo":{"@type":"ImageObject","inLanguage":"en-US","@id":"https:\/\/nolen.pl\/en\/#\/schema\/logo\/image\/","url":"https:\/\/nolen.pl\/wp-content\/uploads\/2025\/01\/logo_nolen_granatowe_500px.webp","contentUrl":"https:\/\/nolen.pl\/wp-content\/uploads\/2025\/01\/logo_nolen_granatowe_500px.webp","width":500,"height":165,"caption":"Producent zbiornik\u00f3w do paliw, nawoz\u00f3w p\u0142ynnych, azotowych, AdBlue, wody."},"image":{"@id":"https:\/\/nolen.pl\/en\/#\/schema\/logo\/image\/"},"sameAs":["https:\/\/www.facebook.com\/NolenStaszow"]}]}},"_links":{"self":[{"href":"https:\/\/nolen.pl\/en\/wp-json\/wp\/v2\/pages\/17724","targetHints":{"allow":["GET"]}}],"collection":[{"href":"https:\/\/nolen.pl\/en\/wp-json\/wp\/v2\/pages"}],"about":[{"href":"https:\/\/nolen.pl\/en\/wp-json\/wp\/v2\/types\/page"}],"author":[{"embeddable":true,"href":"https:\/\/nolen.pl\/en\/wp-json\/wp\/v2\/users\/1"}],"replies":[{"embeddable":true,"href":"https:\/\/nolen.pl\/en\/wp-json\/wp\/v2\/comments?post=17724"}],"version-history":[{"count":1,"href":"https:\/\/nolen.pl\/en\/wp-json\/wp\/v2\/pages\/17724\/revisions"}],"predecessor-version":[{"id":17736,"href":"https:\/\/nolen.pl\/en\/wp-json\/wp\/v2\/pages\/17724\/revisions\/17736"}],"wp:attachment":[{"href":"https:\/\/nolen.pl\/en\/wp-json\/wp\/v2\/media?parent=17724"}],"curies":[{"name":"wp","href":"https:\/\/api.w.org\/{rel}","templated":true}]}}